{"id":22814,"date":"2022-06-24T13:53:06","date_gmt":"2022-06-24T11:53:06","guid":{"rendered":"http:\/\/www.hapy-com.fr\/echoppe\/product\/sac-a-dos-bradd\/"},"modified":"2022-06-24T13:53:06","modified_gmt":"2022-06-24T11:53:06","slug":"sac-a-dos-bradd","status":"publish","type":"product","link":"https:\/\/www.hapy-com.fr\/echoppe\/product\/sac-a-dos-bradd\/","title":{"rendered":"Sac \u00e0 Dos Bradd"},"content":{"rendered":"<p>Sac \u00e0 dos en polyester 600D r\u00e9sistant avec un design rectangulaire et une \u00e9l\u00e9gante finition noire. Avec un rembourrage au dos et des bretelles, il comprend un compartiment int\u00e9rieur rembourr\u00e9 pour un ordinateur portable jusqu\u00b4\u00e0 15 pouces, plus une sortie casque int\u00e9gr\u00e9e.<\/p>\n","protected":false},"excerpt":{"rendered":"<p>Sac \u00e0 dos en polyester 600D r\u00e9sistant avec un design rectangulaire et une \u00e9l\u00e9gante finition noire. Avec un rembourrage au dos et des bretelles, il comprend un compartiment int\u00e9rieur rembourr\u00e9&#8230;<\/p>\n","protected":false},"featured_media":22813,"template":"","meta":[],"product_cat":[338],"product_tag":[],"class_list":{"0":"post-22814","1":"product","2":"type-product","3":"status-publish","4":"has-post-thumbnail","6":"product_cat-voyage-bagagerie","8":"first","9":"instock","10":"shipping-taxable","11":"purchasable","12":"product-type-simple"},"_links":{"self":[{"href":"https:\/\/www.hapy-com.fr\/echoppe\/wp-json\/wp\/v2\/product\/22814","targetHints":{"allow":["GET"]}}],"collection":[{"href":"https:\/\/www.hapy-com.fr\/echoppe\/wp-json\/wp\/v2\/product"}],"about":[{"href":"https:\/\/www.hapy-com.fr\/echoppe\/wp-json\/wp\/v2\/types\/product"}],"wp:featuredmedia":[{"embeddable":true,"href":"https:\/\/www.hapy-com.fr\/echoppe\/wp-json\/wp\/v2\/media\/22813"}],"wp:attachment":[{"href":"https:\/\/www.hapy-com.fr\/echoppe\/wp-json\/wp\/v2\/media?parent=22814"}],"wp:term":[{"taxonomy":"product_cat","embeddable":true,"href":"https:\/\/www.hapy-com.fr\/echoppe\/wp-json\/wp\/v2\/product_cat?post=22814"},{"taxonomy":"product_tag","embeddable":true,"href":"https:\/\/www.hapy-com.fr\/echoppe\/wp-json\/wp\/v2\/product_tag?post=22814"}],"curies":[{"name":"wp","href":"https:\/\/api.w.org\/{rel}","templated":true}]}}