{"id":22824,"date":"2022-06-24T13:53:18","date_gmt":"2022-06-24T11:53:18","guid":{"rendered":"http:\/\/www.hapy-com.fr\/echoppe\/product\/sac-a-dos-soken-5\/"},"modified":"2022-06-24T13:53:18","modified_gmt":"2022-06-24T11:53:18","slug":"sac-a-dos-soken-5","status":"publish","type":"product","link":"https:\/\/www.hapy-com.fr\/echoppe\/product\/sac-a-dos-soken-5\/","title":{"rendered":"Sac \u00e0 Dos Soken"},"content":{"rendered":"<p>Sac \u00e0 dos en polyester 600D polyester au design urbain d\u00e9contract\u00e9, avec poign\u00e9es r\u00e9sistantes assorties, fermeture zipp\u00e9e et poche frontale.<\/p>\n","protected":false},"excerpt":{"rendered":"<p>Sac \u00e0 dos en polyester 600D polyester au design urbain d\u00e9contract\u00e9, avec poign\u00e9es r\u00e9sistantes assorties, fermeture zipp\u00e9e et poche frontale.<\/p>\n","protected":false},"featured_media":22816,"template":"","meta":[],"product_cat":[338],"product_tag":[],"class_list":{"0":"post-22824","1":"product","2":"type-product","3":"status-publish","4":"has-post-thumbnail","6":"product_cat-voyage-bagagerie","8":"first","9":"instock","10":"shipping-taxable","11":"purchasable","12":"product-type-simple"},"_links":{"self":[{"href":"https:\/\/www.hapy-com.fr\/echoppe\/wp-json\/wp\/v2\/product\/22824","targetHints":{"allow":["GET"]}}],"collection":[{"href":"https:\/\/www.hapy-com.fr\/echoppe\/wp-json\/wp\/v2\/product"}],"about":[{"href":"https:\/\/www.hapy-com.fr\/echoppe\/wp-json\/wp\/v2\/types\/product"}],"wp:featuredmedia":[{"embeddable":true,"href":"https:\/\/www.hapy-com.fr\/echoppe\/wp-json\/wp\/v2\/media\/22816"}],"wp:attachment":[{"href":"https:\/\/www.hapy-com.fr\/echoppe\/wp-json\/wp\/v2\/media?parent=22824"}],"wp:term":[{"taxonomy":"product_cat","embeddable":true,"href":"https:\/\/www.hapy-com.fr\/echoppe\/wp-json\/wp\/v2\/product_cat?post=22824"},{"taxonomy":"product_tag","embeddable":true,"href":"https:\/\/www.hapy-com.fr\/echoppe\/wp-json\/wp\/v2\/product_tag?post=22824"}],"curies":[{"name":"wp","href":"https:\/\/api.w.org\/{rel}","templated":true}]}}