{"id":22829,"date":"2022-06-24T13:53:23","date_gmt":"2022-06-24T11:53:23","guid":{"rendered":"http:\/\/www.hapy-com.fr\/echoppe\/product\/sac-cuper\/"},"modified":"2022-06-24T13:53:23","modified_gmt":"2022-06-24T11:53:23","slug":"sac-cuper","status":"publish","type":"product","link":"https:\/\/www.hapy-com.fr\/echoppe\/product\/sac-cuper\/","title":{"rendered":"Sac Cuper"},"content":{"rendered":"<p>Sac en intiss\u00e9 avec fermeture par cordon. Sp\u00e9cialement con\u00e7u pour ranger et prot\u00e9ger les sacs \u00e0 dos.<\/p>\n","protected":false},"excerpt":{"rendered":"<p>Sac en intiss\u00e9 avec fermeture par cordon. Sp\u00e9cialement con\u00e7u pour ranger et prot\u00e9ger les sacs \u00e0 dos.<\/p>\n","protected":false},"featured_media":22827,"template":"","meta":[],"product_cat":[338],"product_tag":[],"class_list":{"0":"post-22829","1":"product","2":"type-product","3":"status-publish","4":"has-post-thumbnail","6":"product_cat-voyage-bagagerie","8":"first","9":"instock","10":"shipping-taxable","11":"purchasable","12":"product-type-simple"},"_links":{"self":[{"href":"https:\/\/www.hapy-com.fr\/echoppe\/wp-json\/wp\/v2\/product\/22829","targetHints":{"allow":["GET"]}}],"collection":[{"href":"https:\/\/www.hapy-com.fr\/echoppe\/wp-json\/wp\/v2\/product"}],"about":[{"href":"https:\/\/www.hapy-com.fr\/echoppe\/wp-json\/wp\/v2\/types\/product"}],"wp:featuredmedia":[{"embeddable":true,"href":"https:\/\/www.hapy-com.fr\/echoppe\/wp-json\/wp\/v2\/media\/22827"}],"wp:attachment":[{"href":"https:\/\/www.hapy-com.fr\/echoppe\/wp-json\/wp\/v2\/media?parent=22829"}],"wp:term":[{"taxonomy":"product_cat","embeddable":true,"href":"https:\/\/www.hapy-com.fr\/echoppe\/wp-json\/wp\/v2\/product_cat?post=22829"},{"taxonomy":"product_tag","embeddable":true,"href":"https:\/\/www.hapy-com.fr\/echoppe\/wp-json\/wp\/v2\/product_tag?post=22829"}],"curies":[{"name":"wp","href":"https:\/\/api.w.org\/{rel}","templated":true}]}}