{"id":22833,"date":"2022-06-24T13:53:27","date_gmt":"2022-06-24T11:53:27","guid":{"rendered":"http:\/\/www.hapy-com.fr\/echoppe\/product\/sac-a-dos-shamer\/"},"modified":"2022-06-24T13:53:27","modified_gmt":"2022-06-24T11:53:27","slug":"sac-a-dos-shamer","status":"publish","type":"product","link":"https:\/\/www.hapy-com.fr\/echoppe\/product\/sac-a-dos-shamer\/","title":{"rendered":"Sac \u00e0 Dos Shamer"},"content":{"rendered":"<p>Sac \u00e0 dos robuste en nylon 600D avec fermeture \u00e0 glissi\u00e8re, poches avant et poign\u00e9e renforc\u00e9e. Dot\u00e9 d\u00b4un rembourrage arri\u00e8re ergonomique et de bretelles, il comprend un compartiment int\u00e9rieur rembourr\u00e9 pour ordinateur portable jusqu\u00b4\u00e0 15 pouces.<\/p>\n","protected":false},"excerpt":{"rendered":"<p>Sac \u00e0 dos robuste en nylon 600D avec fermeture \u00e0 glissi\u00e8re, poches avant et poign\u00e9e renforc\u00e9e. Dot\u00e9 d\u00b4un rembourrage arri\u00e8re ergonomique et de bretelles, il comprend un compartiment int\u00e9rieur rembourr\u00e9&#8230;<\/p>\n","protected":false},"featured_media":22831,"template":"","meta":[],"product_cat":[338],"product_tag":[],"class_list":{"0":"post-22833","1":"product","2":"type-product","3":"status-publish","4":"has-post-thumbnail","6":"product_cat-voyage-bagagerie","8":"first","9":"instock","10":"shipping-taxable","11":"purchasable","12":"product-type-simple"},"_links":{"self":[{"href":"https:\/\/www.hapy-com.fr\/echoppe\/wp-json\/wp\/v2\/product\/22833","targetHints":{"allow":["GET"]}}],"collection":[{"href":"https:\/\/www.hapy-com.fr\/echoppe\/wp-json\/wp\/v2\/product"}],"about":[{"href":"https:\/\/www.hapy-com.fr\/echoppe\/wp-json\/wp\/v2\/types\/product"}],"wp:featuredmedia":[{"embeddable":true,"href":"https:\/\/www.hapy-com.fr\/echoppe\/wp-json\/wp\/v2\/media\/22831"}],"wp:attachment":[{"href":"https:\/\/www.hapy-com.fr\/echoppe\/wp-json\/wp\/v2\/media?parent=22833"}],"wp:term":[{"taxonomy":"product_cat","embeddable":true,"href":"https:\/\/www.hapy-com.fr\/echoppe\/wp-json\/wp\/v2\/product_cat?post=22833"},{"taxonomy":"product_tag","embeddable":true,"href":"https:\/\/www.hapy-com.fr\/echoppe\/wp-json\/wp\/v2\/product_tag?post=22833"}],"curies":[{"name":"wp","href":"https:\/\/api.w.org\/{rel}","templated":true}]}}