{"id":22840,"date":"2022-06-24T13:53:33","date_gmt":"2022-06-24T11:53:33","guid":{"rendered":"http:\/\/www.hapy-com.fr\/echoppe\/product\/sac-a-dos-nevium-2\/"},"modified":"2022-07-05T23:46:23","modified_gmt":"2022-07-05T21:46:23","slug":"sac-a-dos-nevium-2","status":"publish","type":"product","link":"https:\/\/www.hapy-com.fr\/echoppe\/product\/sac-a-dos-nevium-2\/","title":{"rendered":"Sac \u00e0 Dos Nevium"},"content":{"rendered":"<p>Sac \u00e0 dos robuste en nylon 600D de forme rectangulaire avec fermeture zipp\u00e9e, poche frontale pour smartphone et poign\u00e9e renforc\u00e9e. Avec rembourrage dorsal ergonomique et bretelles. Comprend un compartiment int\u00e9rieur matelass\u00e9 pour ordinateurs portables jusqu\u00b4\u00e0 15 pouces.<\/p>\n","protected":false},"excerpt":{"rendered":"<p>Sac \u00e0 dos robuste en nylon 600D de forme rectangulaire avec fermeture zipp\u00e9e, poche frontale pour smartphone et poign\u00e9e renforc\u00e9e. Avec rembourrage dorsal ergonomique et bretelles. Comprend un compartiment int\u00e9rieur&#8230;<\/p>\n","protected":false},"featured_media":22839,"template":"","meta":[],"product_cat":[466,338],"product_tag":[],"class_list":{"0":"post-22840","1":"product","2":"type-product","3":"status-publish","4":"has-post-thumbnail","6":"product_cat-sac-ete-et-plage","7":"product_cat-voyage-bagagerie","9":"first","10":"instock","11":"shipping-taxable","12":"purchasable","13":"product-type-simple"},"_links":{"self":[{"href":"https:\/\/www.hapy-com.fr\/echoppe\/wp-json\/wp\/v2\/product\/22840","targetHints":{"allow":["GET"]}}],"collection":[{"href":"https:\/\/www.hapy-com.fr\/echoppe\/wp-json\/wp\/v2\/product"}],"about":[{"href":"https:\/\/www.hapy-com.fr\/echoppe\/wp-json\/wp\/v2\/types\/product"}],"wp:featuredmedia":[{"embeddable":true,"href":"https:\/\/www.hapy-com.fr\/echoppe\/wp-json\/wp\/v2\/media\/22839"}],"wp:attachment":[{"href":"https:\/\/www.hapy-com.fr\/echoppe\/wp-json\/wp\/v2\/media?parent=22840"}],"wp:term":[{"taxonomy":"product_cat","embeddable":true,"href":"https:\/\/www.hapy-com.fr\/echoppe\/wp-json\/wp\/v2\/product_cat?post=22840"},{"taxonomy":"product_tag","embeddable":true,"href":"https:\/\/www.hapy-com.fr\/echoppe\/wp-json\/wp\/v2\/product_tag?post=22840"}],"curies":[{"name":"wp","href":"https:\/\/api.w.org\/{rel}","templated":true}]}}