{"id":22849,"date":"2022-06-24T13:53:43","date_gmt":"2022-06-24T11:53:43","guid":{"rendered":"http:\/\/www.hapy-com.fr\/echoppe\/product\/chaise-flentul-4\/"},"modified":"2022-07-05T23:43:00","modified_gmt":"2022-07-05T21:43:00","slug":"chaise-flentul-4","status":"publish","type":"product","link":"https:\/\/www.hapy-com.fr\/echoppe\/product\/chaise-flentul-4\/","title":{"rendered":"Chaise Flentul"},"content":{"rendered":"<p>Chaise pliante avec corps robuste en aluminium tubulaire. Polyester 600D r\u00e9sistant disponible dans une vari\u00e9t\u00e9 de couleurs vives. Avec coutures renforc\u00e9es, renforts en caoutchouc antid\u00e9rapants aux pieds. Pr\u00e9sent\u00e9e dans une housse individuelle avec cordon autobloquant, accessoire de r\u00e9glage et bandouli\u00e8re.<\/p>\n","protected":false},"excerpt":{"rendered":"<p>Chaise pliante avec corps robuste en aluminium tubulaire. Polyester 600D r\u00e9sistant disponible dans une vari\u00e9t\u00e9 de couleurs vives. Avec coutures renforc\u00e9es, renforts en caoutchouc antid\u00e9rapants aux pieds. Pr\u00e9sent\u00e9e dans une&#8230;<\/p>\n","protected":false},"featured_media":22848,"template":"","meta":[],"product_cat":[484,464,338],"product_tag":[],"class_list":{"0":"post-22849","1":"product","2":"type-product","3":"status-publish","4":"has-post-thumbnail","6":"product_cat-chaises","7":"product_cat-mobilier-de-plage","8":"product_cat-voyage-bagagerie","10":"first","11":"instock","12":"shipping-taxable","13":"purchasable","14":"product-type-simple"},"_links":{"self":[{"href":"https:\/\/www.hapy-com.fr\/echoppe\/wp-json\/wp\/v2\/product\/22849","targetHints":{"allow":["GET"]}}],"collection":[{"href":"https:\/\/www.hapy-com.fr\/echoppe\/wp-json\/wp\/v2\/product"}],"about":[{"href":"https:\/\/www.hapy-com.fr\/echoppe\/wp-json\/wp\/v2\/types\/product"}],"wp:featuredmedia":[{"embeddable":true,"href":"https:\/\/www.hapy-com.fr\/echoppe\/wp-json\/wp\/v2\/media\/22848"}],"wp:attachment":[{"href":"https:\/\/www.hapy-com.fr\/echoppe\/wp-json\/wp\/v2\/media?parent=22849"}],"wp:term":[{"taxonomy":"product_cat","embeddable":true,"href":"https:\/\/www.hapy-com.fr\/echoppe\/wp-json\/wp\/v2\/product_cat?post=22849"},{"taxonomy":"product_tag","embeddable":true,"href":"https:\/\/www.hapy-com.fr\/echoppe\/wp-json\/wp\/v2\/product_tag?post=22849"}],"curies":[{"name":"wp","href":"https:\/\/api.w.org\/{rel}","templated":true}]}}