{"id":22855,"date":"2022-06-24T13:53:49","date_gmt":"2022-06-24T11:53:49","guid":{"rendered":"http:\/\/www.hapy-com.fr\/echoppe\/product\/banane-tildak-2\/"},"modified":"2022-06-24T13:53:49","modified_gmt":"2022-06-24T11:53:49","slug":"banane-tildak-2","status":"publish","type":"product","link":"https:\/\/www.hapy-com.fr\/echoppe\/product\/banane-tildak-2\/","title":{"rendered":"Banane Tildak"},"content":{"rendered":"<p>Sac banane triangulaire en polyester 210D souple avec coloris vari\u00e9s. Con\u00e7u pour le sport et les loisirs. Avec poche zipp\u00e9e, passe-fil pour \u00e9couteurs et poche r\u00e9glable pour gourde. Fermeture \u00e0 cliquet r\u00e9glable. Gourde non comprise.<\/p>\n","protected":false},"excerpt":{"rendered":"<p>Sac banane triangulaire en polyester 210D souple avec coloris vari\u00e9s. Con\u00e7u pour le sport et les loisirs. Avec poche zipp\u00e9e, passe-fil pour \u00e9couteurs et poche r\u00e9glable pour gourde. Fermeture \u00e0&#8230;<\/p>\n","protected":false},"featured_media":22854,"template":"","meta":[],"product_cat":[338],"product_tag":[],"class_list":{"0":"post-22855","1":"product","2":"type-product","3":"status-publish","4":"has-post-thumbnail","6":"product_cat-voyage-bagagerie","8":"first","9":"instock","10":"shipping-taxable","11":"purchasable","12":"product-type-simple"},"_links":{"self":[{"href":"https:\/\/www.hapy-com.fr\/echoppe\/wp-json\/wp\/v2\/product\/22855","targetHints":{"allow":["GET"]}}],"collection":[{"href":"https:\/\/www.hapy-com.fr\/echoppe\/wp-json\/wp\/v2\/product"}],"about":[{"href":"https:\/\/www.hapy-com.fr\/echoppe\/wp-json\/wp\/v2\/types\/product"}],"wp:featuredmedia":[{"embeddable":true,"href":"https:\/\/www.hapy-com.fr\/echoppe\/wp-json\/wp\/v2\/media\/22854"}],"wp:attachment":[{"href":"https:\/\/www.hapy-com.fr\/echoppe\/wp-json\/wp\/v2\/media?parent=22855"}],"wp:term":[{"taxonomy":"product_cat","embeddable":true,"href":"https:\/\/www.hapy-com.fr\/echoppe\/wp-json\/wp\/v2\/product_cat?post=22855"},{"taxonomy":"product_tag","embeddable":true,"href":"https:\/\/www.hapy-com.fr\/echoppe\/wp-json\/wp\/v2\/product_tag?post=22855"}],"curies":[{"name":"wp","href":"https:\/\/api.w.org\/{rel}","templated":true}]}}