{"id":22900,"date":"2022-06-24T13:54:36","date_gmt":"2022-06-24T11:54:36","guid":{"rendered":"http:\/\/www.hapy-com.fr\/echoppe\/product\/sac-a-dos-chens-2\/"},"modified":"2022-07-05T23:46:22","modified_gmt":"2022-07-05T21:46:22","slug":"sac-a-dos-chens-2","status":"publish","type":"product","link":"https:\/\/www.hapy-com.fr\/echoppe\/product\/sac-a-dos-chens-2\/","title":{"rendered":"Sac \u00e0 Dos Chens"},"content":{"rendered":"<p>Sac \u00e0 dos bicolore en polyester 600D robuste d\u00e9clin\u00e9 en plusieurs coloris. Fermeture zipp\u00e9e, poche frontale avec passe-fil pour \u00e9couteurs et poche lat\u00e9rale en filet. Coins renforc\u00e9s, poign\u00e9es avec tire-zip pour une ouverture facile et accessoires en noir. Dos et bretelles matelass\u00e9s. Bretelles r\u00e9glables.<\/p>\n","protected":false},"excerpt":{"rendered":"<p>Sac \u00e0 dos bicolore en polyester 600D robuste d\u00e9clin\u00e9 en plusieurs coloris. Fermeture zipp\u00e9e, poche frontale avec passe-fil pour \u00e9couteurs et poche lat\u00e9rale en filet. Coins renforc\u00e9s, poign\u00e9es avec tire-zip&#8230;<\/p>\n","protected":false},"featured_media":22899,"template":"","meta":[],"product_cat":[466,338],"product_tag":[],"class_list":{"0":"post-22900","1":"product","2":"type-product","3":"status-publish","4":"has-post-thumbnail","6":"product_cat-sac-ete-et-plage","7":"product_cat-voyage-bagagerie","9":"first","10":"instock","11":"shipping-taxable","12":"purchasable","13":"product-type-simple"},"_links":{"self":[{"href":"https:\/\/www.hapy-com.fr\/echoppe\/wp-json\/wp\/v2\/product\/22900","targetHints":{"allow":["GET"]}}],"collection":[{"href":"https:\/\/www.hapy-com.fr\/echoppe\/wp-json\/wp\/v2\/product"}],"about":[{"href":"https:\/\/www.hapy-com.fr\/echoppe\/wp-json\/wp\/v2\/types\/product"}],"wp:featuredmedia":[{"embeddable":true,"href":"https:\/\/www.hapy-com.fr\/echoppe\/wp-json\/wp\/v2\/media\/22899"}],"wp:attachment":[{"href":"https:\/\/www.hapy-com.fr\/echoppe\/wp-json\/wp\/v2\/media?parent=22900"}],"wp:term":[{"taxonomy":"product_cat","embeddable":true,"href":"https:\/\/www.hapy-com.fr\/echoppe\/wp-json\/wp\/v2\/product_cat?post=22900"},{"taxonomy":"product_tag","embeddable":true,"href":"https:\/\/www.hapy-com.fr\/echoppe\/wp-json\/wp\/v2\/product_tag?post=22900"}],"curies":[{"name":"wp","href":"https:\/\/api.w.org\/{rel}","templated":true}]}}