{"id":22907,"date":"2022-06-24T13:54:41","date_gmt":"2022-06-24T11:54:41","guid":{"rendered":"http:\/\/www.hapy-com.fr\/echoppe\/product\/sac-a-dos-halnok\/"},"modified":"2022-06-24T13:54:41","modified_gmt":"2022-06-24T11:54:41","slug":"sac-a-dos-halnok","status":"publish","type":"product","link":"https:\/\/www.hapy-com.fr\/echoppe\/product\/sac-a-dos-halnok\/","title":{"rendered":"Sac \u00e0 Dos Halnok"},"content":{"rendered":"<p>Sac \u00e0 dos en polyester r\u00e9sistant 600D finition haut de gamme, imperm\u00e9able, de couleur noire, avec sortie \u00e9couteur. Avec compartiment interne pour sortie USB pour connecter un Powerbank &#8211; non inclus -. Int\u00e9rieur avec compartiment rembourr\u00e9 pour ordinateur portable, maxi 15 pouces et tablettes maxi 10 pouces. De multiples poches int\u00e9rieures et ext\u00e9rieures. Bandouli\u00e8res ajustables et dos renforc\u00e9.<\/p>\n","protected":false},"excerpt":{"rendered":"<p>Sac \u00e0 dos en polyester r\u00e9sistant 600D finition haut de gamme, imperm\u00e9able, de couleur noire, avec sortie \u00e9couteur. Avec compartiment interne pour sortie USB pour connecter un Powerbank &#8211; non&#8230;<\/p>\n","protected":false},"featured_media":22906,"template":"","meta":[],"product_cat":[338],"product_tag":[],"class_list":{"0":"post-22907","1":"product","2":"type-product","3":"status-publish","4":"has-post-thumbnail","6":"product_cat-voyage-bagagerie","8":"first","9":"instock","10":"shipping-taxable","11":"purchasable","12":"product-type-simple"},"_links":{"self":[{"href":"https:\/\/www.hapy-com.fr\/echoppe\/wp-json\/wp\/v2\/product\/22907","targetHints":{"allow":["GET"]}}],"collection":[{"href":"https:\/\/www.hapy-com.fr\/echoppe\/wp-json\/wp\/v2\/product"}],"about":[{"href":"https:\/\/www.hapy-com.fr\/echoppe\/wp-json\/wp\/v2\/types\/product"}],"wp:featuredmedia":[{"embeddable":true,"href":"https:\/\/www.hapy-com.fr\/echoppe\/wp-json\/wp\/v2\/media\/22906"}],"wp:attachment":[{"href":"https:\/\/www.hapy-com.fr\/echoppe\/wp-json\/wp\/v2\/media?parent=22907"}],"wp:term":[{"taxonomy":"product_cat","embeddable":true,"href":"https:\/\/www.hapy-com.fr\/echoppe\/wp-json\/wp\/v2\/product_cat?post=22907"},{"taxonomy":"product_tag","embeddable":true,"href":"https:\/\/www.hapy-com.fr\/echoppe\/wp-json\/wp\/v2\/product_tag?post=22907"}],"curies":[{"name":"wp","href":"https:\/\/api.w.org\/{rel}","templated":true}]}}