{"id":22914,"date":"2022-06-24T13:54:48","date_gmt":"2022-06-24T11:54:48","guid":{"rendered":"http:\/\/www.hapy-com.fr\/echoppe\/product\/sac-a-dos-shauden-3\/"},"modified":"2022-06-24T13:54:48","modified_gmt":"2022-06-24T11:54:48","slug":"sac-a-dos-shauden-3","status":"publish","type":"product","link":"https:\/\/www.hapy-com.fr\/echoppe\/product\/sac-a-dos-shauden-3\/","title":{"rendered":"Sac \u00e0 Dos Shauden"},"content":{"rendered":"<p>Sac \u00e0 dos confortable en polyester 210D souple dans une vari\u00e9t\u00e9 de couleurs vives. Bretelles r\u00e9glables et cordon de fermeture assortis avec accessoire de r\u00e9glage.<\/p>\n","protected":false},"excerpt":{"rendered":"<p>Sac \u00e0 dos confortable en polyester 210D souple dans une vari\u00e9t\u00e9 de couleurs vives. Bretelles r\u00e9glables et cordon de fermeture assortis avec accessoire de r\u00e9glage.<\/p>\n","protected":false},"featured_media":22913,"template":"","meta":[],"product_cat":[338],"product_tag":[],"class_list":{"0":"post-22914","1":"product","2":"type-product","3":"status-publish","4":"has-post-thumbnail","6":"product_cat-voyage-bagagerie","8":"first","9":"instock","10":"shipping-taxable","11":"purchasable","12":"product-type-simple"},"_links":{"self":[{"href":"https:\/\/www.hapy-com.fr\/echoppe\/wp-json\/wp\/v2\/product\/22914","targetHints":{"allow":["GET"]}}],"collection":[{"href":"https:\/\/www.hapy-com.fr\/echoppe\/wp-json\/wp\/v2\/product"}],"about":[{"href":"https:\/\/www.hapy-com.fr\/echoppe\/wp-json\/wp\/v2\/types\/product"}],"wp:featuredmedia":[{"embeddable":true,"href":"https:\/\/www.hapy-com.fr\/echoppe\/wp-json\/wp\/v2\/media\/22913"}],"wp:attachment":[{"href":"https:\/\/www.hapy-com.fr\/echoppe\/wp-json\/wp\/v2\/media?parent=22914"}],"wp:term":[{"taxonomy":"product_cat","embeddable":true,"href":"https:\/\/www.hapy-com.fr\/echoppe\/wp-json\/wp\/v2\/product_cat?post=22914"},{"taxonomy":"product_tag","embeddable":true,"href":"https:\/\/www.hapy-com.fr\/echoppe\/wp-json\/wp\/v2\/product_tag?post=22914"}],"curies":[{"name":"wp","href":"https:\/\/api.w.org\/{rel}","templated":true}]}}