{"id":22916,"date":"2022-06-24T13:54:49","date_gmt":"2022-06-24T11:54:49","guid":{"rendered":"http:\/\/www.hapy-com.fr\/echoppe\/product\/sac-a-dos-shauden-4\/"},"modified":"2022-06-24T13:54:49","modified_gmt":"2022-06-24T11:54:49","slug":"sac-a-dos-shauden-4","status":"publish","type":"product","link":"https:\/\/www.hapy-com.fr\/echoppe\/product\/sac-a-dos-shauden-4\/","title":{"rendered":"Sac \u00e0 Dos Shauden"},"content":{"rendered":"<p>Sac \u00e0 dos confortable en polyester 210D souple dans une vari\u00e9t\u00e9 de couleurs vives. Bretelles r\u00e9glables et cordon de fermeture assortis avec accessoire de r\u00e9glage.<\/p>\n","protected":false},"excerpt":{"rendered":"<p>Sac \u00e0 dos confortable en polyester 210D souple dans une vari\u00e9t\u00e9 de couleurs vives. Bretelles r\u00e9glables et cordon de fermeture assortis avec accessoire de r\u00e9glage.<\/p>\n","protected":false},"featured_media":22915,"template":"","meta":[],"product_cat":[338],"product_tag":[],"class_list":{"0":"post-22916","1":"product","2":"type-product","3":"status-publish","4":"has-post-thumbnail","6":"product_cat-voyage-bagagerie","8":"first","9":"instock","10":"shipping-taxable","11":"purchasable","12":"product-type-simple"},"_links":{"self":[{"href":"https:\/\/www.hapy-com.fr\/echoppe\/wp-json\/wp\/v2\/product\/22916","targetHints":{"allow":["GET"]}}],"collection":[{"href":"https:\/\/www.hapy-com.fr\/echoppe\/wp-json\/wp\/v2\/product"}],"about":[{"href":"https:\/\/www.hapy-com.fr\/echoppe\/wp-json\/wp\/v2\/types\/product"}],"wp:featuredmedia":[{"embeddable":true,"href":"https:\/\/www.hapy-com.fr\/echoppe\/wp-json\/wp\/v2\/media\/22915"}],"wp:attachment":[{"href":"https:\/\/www.hapy-com.fr\/echoppe\/wp-json\/wp\/v2\/media?parent=22916"}],"wp:term":[{"taxonomy":"product_cat","embeddable":true,"href":"https:\/\/www.hapy-com.fr\/echoppe\/wp-json\/wp\/v2\/product_cat?post=22916"},{"taxonomy":"product_tag","embeddable":true,"href":"https:\/\/www.hapy-com.fr\/echoppe\/wp-json\/wp\/v2\/product_tag?post=22916"}],"curies":[{"name":"wp","href":"https:\/\/api.w.org\/{rel}","templated":true}]}}