{"id":22926,"date":"2022-06-24T13:54:58","date_gmt":"2022-06-24T11:54:58","guid":{"rendered":"http:\/\/www.hapy-com.fr\/echoppe\/product\/sac-a-dos-telner-3\/"},"modified":"2022-06-24T13:54:58","modified_gmt":"2022-06-24T11:54:58","slug":"sac-a-dos-telner-3","status":"publish","type":"product","link":"https:\/\/www.hapy-com.fr\/echoppe\/product\/sac-a-dos-telner-3\/","title":{"rendered":"Sac \u00e0 Dos Telner"},"content":{"rendered":"<p>Sac \u00e0 dos \u00e0 cordelettes en polyester souple 190T aux couleurs vives. Passe-fil pour \u00e9couteurs, cordelettes de serrage grises extra \u00e9paisses avec accessoires de r\u00e9glage et coins renforc\u00e9s avec oeillets m\u00e9talliques.<\/p>\n","protected":false},"excerpt":{"rendered":"<p>Sac \u00e0 dos \u00e0 cordelettes en polyester souple 190T aux couleurs vives. Passe-fil pour \u00e9couteurs, cordelettes de serrage grises extra \u00e9paisses avec accessoires de r\u00e9glage et coins renforc\u00e9s avec oeillets&#8230;<\/p>\n","protected":false},"featured_media":22925,"template":"","meta":[],"product_cat":[338],"product_tag":[],"class_list":{"0":"post-22926","1":"product","2":"type-product","3":"status-publish","4":"has-post-thumbnail","6":"product_cat-voyage-bagagerie","8":"first","9":"instock","10":"shipping-taxable","11":"purchasable","12":"product-type-simple"},"_links":{"self":[{"href":"https:\/\/www.hapy-com.fr\/echoppe\/wp-json\/wp\/v2\/product\/22926","targetHints":{"allow":["GET"]}}],"collection":[{"href":"https:\/\/www.hapy-com.fr\/echoppe\/wp-json\/wp\/v2\/product"}],"about":[{"href":"https:\/\/www.hapy-com.fr\/echoppe\/wp-json\/wp\/v2\/types\/product"}],"wp:featuredmedia":[{"embeddable":true,"href":"https:\/\/www.hapy-com.fr\/echoppe\/wp-json\/wp\/v2\/media\/22925"}],"wp:attachment":[{"href":"https:\/\/www.hapy-com.fr\/echoppe\/wp-json\/wp\/v2\/media?parent=22926"}],"wp:term":[{"taxonomy":"product_cat","embeddable":true,"href":"https:\/\/www.hapy-com.fr\/echoppe\/wp-json\/wp\/v2\/product_cat?post=22926"},{"taxonomy":"product_tag","embeddable":true,"href":"https:\/\/www.hapy-com.fr\/echoppe\/wp-json\/wp\/v2\/product_tag?post=22926"}],"curies":[{"name":"wp","href":"https:\/\/api.w.org\/{rel}","templated":true}]}}