{"id":22944,"date":"2022-06-24T13:55:14","date_gmt":"2022-06-24T11:55:14","guid":{"rendered":"http:\/\/www.hapy-com.fr\/echoppe\/product\/sac-a-dos-wizzy\/"},"modified":"2022-06-24T13:55:14","modified_gmt":"2022-06-24T11:55:14","slug":"sac-a-dos-wizzy","status":"publish","type":"product","link":"https:\/\/www.hapy-com.fr\/echoppe\/product\/sac-a-dos-wizzy\/","title":{"rendered":"Sac \u00e0 Dos Wizzy"},"content":{"rendered":"<p>Sac \u00e0 dos blanc en intiss\u00e9 sp\u00e9cialement con\u00e7u pour le coloriage avec des crayons de cire. Avec 5 crayons de cire au corps cylindrique en diff\u00e9rentes couleurs. Cordons noirs de serrage et renfort dans les coins.<\/p>\n","protected":false},"excerpt":{"rendered":"<p>Sac \u00e0 dos blanc en intiss\u00e9 sp\u00e9cialement con\u00e7u pour le coloriage avec des crayons de cire. Avec 5 crayons de cire au corps cylindrique en diff\u00e9rentes couleurs. Cordons noirs de&#8230;<\/p>\n","protected":false},"featured_media":22943,"template":"","meta":[],"product_cat":[338],"product_tag":[],"class_list":{"0":"post-22944","1":"product","2":"type-product","3":"status-publish","4":"has-post-thumbnail","6":"product_cat-voyage-bagagerie","8":"first","9":"instock","10":"shipping-taxable","11":"purchasable","12":"product-type-simple"},"_links":{"self":[{"href":"https:\/\/www.hapy-com.fr\/echoppe\/wp-json\/wp\/v2\/product\/22944","targetHints":{"allow":["GET"]}}],"collection":[{"href":"https:\/\/www.hapy-com.fr\/echoppe\/wp-json\/wp\/v2\/product"}],"about":[{"href":"https:\/\/www.hapy-com.fr\/echoppe\/wp-json\/wp\/v2\/types\/product"}],"wp:featuredmedia":[{"embeddable":true,"href":"https:\/\/www.hapy-com.fr\/echoppe\/wp-json\/wp\/v2\/media\/22943"}],"wp:attachment":[{"href":"https:\/\/www.hapy-com.fr\/echoppe\/wp-json\/wp\/v2\/media?parent=22944"}],"wp:term":[{"taxonomy":"product_cat","embeddable":true,"href":"https:\/\/www.hapy-com.fr\/echoppe\/wp-json\/wp\/v2\/product_cat?post=22944"},{"taxonomy":"product_tag","embeddable":true,"href":"https:\/\/www.hapy-com.fr\/echoppe\/wp-json\/wp\/v2\/product_tag?post=22944"}],"curies":[{"name":"wp","href":"https:\/\/api.w.org\/{rel}","templated":true}]}}