{"id":22956,"date":"2022-06-24T13:55:23","date_gmt":"2022-06-24T11:55:23","guid":{"rendered":"http:\/\/www.hapy-com.fr\/echoppe\/product\/sac-a-dos-selcam\/"},"modified":"2022-06-24T13:55:23","modified_gmt":"2022-06-24T11:55:23","slug":"sac-a-dos-selcam","status":"publish","type":"product","link":"https:\/\/www.hapy-com.fr\/echoppe\/product\/sac-a-dos-selcam\/","title":{"rendered":"Sac \u00e0 Dos Selcam"},"content":{"rendered":"<p>Sac \u00e0 dos \u00e0 cordelettes en 100% coton doux. Avec poche frontale zipp\u00e9e en coloris vari\u00e9s et cordons de serrage assortis avec coins renforc\u00e9s.<\/p>\n","protected":false},"excerpt":{"rendered":"<p>Sac \u00e0 dos \u00e0 cordelettes en 100% coton doux. Avec poche frontale zipp\u00e9e en coloris vari\u00e9s et cordons de serrage assortis avec coins renforc\u00e9s.<\/p>\n","protected":false},"featured_media":22954,"template":"","meta":[],"product_cat":[338],"product_tag":[],"class_list":{"0":"post-22956","1":"product","2":"type-product","3":"status-publish","4":"has-post-thumbnail","6":"product_cat-voyage-bagagerie","8":"first","9":"instock","10":"shipping-taxable","11":"purchasable","12":"product-type-simple"},"_links":{"self":[{"href":"https:\/\/www.hapy-com.fr\/echoppe\/wp-json\/wp\/v2\/product\/22956","targetHints":{"allow":["GET"]}}],"collection":[{"href":"https:\/\/www.hapy-com.fr\/echoppe\/wp-json\/wp\/v2\/product"}],"about":[{"href":"https:\/\/www.hapy-com.fr\/echoppe\/wp-json\/wp\/v2\/types\/product"}],"wp:featuredmedia":[{"embeddable":true,"href":"https:\/\/www.hapy-com.fr\/echoppe\/wp-json\/wp\/v2\/media\/22954"}],"wp:attachment":[{"href":"https:\/\/www.hapy-com.fr\/echoppe\/wp-json\/wp\/v2\/media?parent=22956"}],"wp:term":[{"taxonomy":"product_cat","embeddable":true,"href":"https:\/\/www.hapy-com.fr\/echoppe\/wp-json\/wp\/v2\/product_cat?post=22956"},{"taxonomy":"product_tag","embeddable":true,"href":"https:\/\/www.hapy-com.fr\/echoppe\/wp-json\/wp\/v2\/product_tag?post=22956"}],"curies":[{"name":"wp","href":"https:\/\/api.w.org\/{rel}","templated":true}]}}