{"id":22988,"date":"2022-06-24T13:55:52","date_gmt":"2022-06-24T11:55:52","guid":{"rendered":"http:\/\/www.hapy-com.fr\/echoppe\/product\/etui-sac-a-dos-trecy-4\/"},"modified":"2022-06-24T13:55:52","modified_gmt":"2022-06-24T11:55:52","slug":"etui-sac-a-dos-trecy-4","status":"publish","type":"product","link":"https:\/\/www.hapy-com.fr\/echoppe\/product\/etui-sac-a-dos-trecy-4\/","title":{"rendered":"\u00c9tui Sac \u00e0 Dos Trecy"},"content":{"rendered":"<p>Housse imperm\u00e9able \u00e9lastiqu\u00e9e pour sac \u00e0 dos en polyester 190T r\u00e9sistant . Couleurs vives et vari\u00e9es.<\/p>\n","protected":false},"excerpt":{"rendered":"<p>Housse imperm\u00e9able \u00e9lastiqu\u00e9e pour sac \u00e0 dos en polyester 190T r\u00e9sistant . Couleurs vives et vari\u00e9es.<\/p>\n","protected":false},"featured_media":22987,"template":"","meta":[],"product_cat":[338],"product_tag":[],"class_list":{"0":"post-22988","1":"product","2":"type-product","3":"status-publish","4":"has-post-thumbnail","6":"product_cat-voyage-bagagerie","8":"first","9":"instock","10":"shipping-taxable","11":"purchasable","12":"product-type-simple"},"_links":{"self":[{"href":"https:\/\/www.hapy-com.fr\/echoppe\/wp-json\/wp\/v2\/product\/22988","targetHints":{"allow":["GET"]}}],"collection":[{"href":"https:\/\/www.hapy-com.fr\/echoppe\/wp-json\/wp\/v2\/product"}],"about":[{"href":"https:\/\/www.hapy-com.fr\/echoppe\/wp-json\/wp\/v2\/types\/product"}],"wp:featuredmedia":[{"embeddable":true,"href":"https:\/\/www.hapy-com.fr\/echoppe\/wp-json\/wp\/v2\/media\/22987"}],"wp:attachment":[{"href":"https:\/\/www.hapy-com.fr\/echoppe\/wp-json\/wp\/v2\/media?parent=22988"}],"wp:term":[{"taxonomy":"product_cat","embeddable":true,"href":"https:\/\/www.hapy-com.fr\/echoppe\/wp-json\/wp\/v2\/product_cat?post=22988"},{"taxonomy":"product_tag","embeddable":true,"href":"https:\/\/www.hapy-com.fr\/echoppe\/wp-json\/wp\/v2\/product_tag?post=22988"}],"curies":[{"name":"wp","href":"https:\/\/api.w.org\/{rel}","templated":true}]}}