{"id":22991,"date":"2022-06-24T13:55:55","date_gmt":"2022-06-24T11:55:55","guid":{"rendered":"http:\/\/www.hapy-com.fr\/echoppe\/product\/sac-a-dos-naiper\/"},"modified":"2022-06-24T13:55:55","modified_gmt":"2022-06-24T11:55:55","slug":"sac-a-dos-naiper","status":"publish","type":"product","link":"https:\/\/www.hapy-com.fr\/echoppe\/product\/sac-a-dos-naiper\/","title":{"rendered":"Sac \u00e0 Dos Naiper"},"content":{"rendered":"<p>Sac \u00e0 dos original avec motifs sportifs en polyester 210D. Fermeture par corde renforc\u00e9e. Disponible en version football, basket et tennis.<\/p>\n","protected":false},"excerpt":{"rendered":"<p>Sac \u00e0 dos original avec motifs sportifs en polyester 210D. Fermeture par corde renforc\u00e9e. Disponible en version football, basket et tennis.<\/p>\n","protected":false},"featured_media":22989,"template":"","meta":[],"product_cat":[338],"product_tag":[],"class_list":{"0":"post-22991","1":"product","2":"type-product","3":"status-publish","4":"has-post-thumbnail","6":"product_cat-voyage-bagagerie","8":"first","9":"instock","10":"shipping-taxable","11":"purchasable","12":"product-type-simple"},"_links":{"self":[{"href":"https:\/\/www.hapy-com.fr\/echoppe\/wp-json\/wp\/v2\/product\/22991","targetHints":{"allow":["GET"]}}],"collection":[{"href":"https:\/\/www.hapy-com.fr\/echoppe\/wp-json\/wp\/v2\/product"}],"about":[{"href":"https:\/\/www.hapy-com.fr\/echoppe\/wp-json\/wp\/v2\/types\/product"}],"wp:featuredmedia":[{"embeddable":true,"href":"https:\/\/www.hapy-com.fr\/echoppe\/wp-json\/wp\/v2\/media\/22989"}],"wp:attachment":[{"href":"https:\/\/www.hapy-com.fr\/echoppe\/wp-json\/wp\/v2\/media?parent=22991"}],"wp:term":[{"taxonomy":"product_cat","embeddable":true,"href":"https:\/\/www.hapy-com.fr\/echoppe\/wp-json\/wp\/v2\/product_cat?post=22991"},{"taxonomy":"product_tag","embeddable":true,"href":"https:\/\/www.hapy-com.fr\/echoppe\/wp-json\/wp\/v2\/product_tag?post=22991"}],"curies":[{"name":"wp","href":"https:\/\/api.w.org\/{rel}","templated":true}]}}