{"id":23000,"date":"2022-06-24T13:56:03","date_gmt":"2022-06-24T11:56:03","guid":{"rendered":"http:\/\/www.hapy-com.fr\/echoppe\/product\/sac-a-dos-antivol-ranley\/"},"modified":"2022-06-24T13:56:03","modified_gmt":"2022-06-24T11:56:03","slug":"sac-a-dos-antivol-ranley","status":"publish","type":"product","link":"https:\/\/www.hapy-com.fr\/echoppe\/product\/sac-a-dos-antivol-ranley\/","title":{"rendered":"Sac \u00e0 Dos Antivol Ranley"},"content":{"rendered":"<p>Sac \u00e0 dos Business anti-vol en tissu polyester de haute qualit\u00e9, r\u00e9sistant aux coupures et aux frottements. Avec verrouillage de s\u00e9curit\u00e9 par mot de passe, bande r\u00e9fl\u00e9chissante arri\u00e8re et accessoire pour accouplement de trolley. Poche anti-vol \u00e0 l\u00b4arri\u00e8re pour ranger les objets de valeur. Compartiment interne avec sortie USB pour la connexion Powerbank &#8211; non inclus &#8211; avec un c\u00e2ble micro USB de 1 m\u00e8tre de long pour une commodit\u00e9 totale lors de la recharge de tout appareil mobile. Sortie casque et poche dans le ruban droit avec acc\u00e8s facile pour la carte de transport et autres documents fr\u00e9quemment utilis\u00e9s. Ouverture totale \u00e0 180\u00ba pour un acc\u00e8s facile \u00e0 l\u00b4int\u00e9rieur du sac \u00e0 dos. Deux compartiments int\u00e9rieurs ind\u00e9pendants et rembourr\u00e9s pour ordinateur portable jusqu\u00b4\u00e0 15 pouces et pour les tablettes jusqu\u00b4\u00e0 10 pouces. Avec multitude de poches int\u00e9rieures et ext\u00e9rieures. Bretelles et dos avec rembourrage ergonomique.<\/p>\n","protected":false},"excerpt":{"rendered":"<p>Sac \u00e0 dos Business anti-vol en tissu polyester de haute qualit\u00e9, r\u00e9sistant aux coupures et aux frottements. Avec verrouillage de s\u00e9curit\u00e9 par mot de passe, bande r\u00e9fl\u00e9chissante arri\u00e8re et accessoire&#8230;<\/p>\n","protected":false},"featured_media":22999,"template":"","meta":[],"product_cat":[338],"product_tag":[],"class_list":{"0":"post-23000","1":"product","2":"type-product","3":"status-publish","4":"has-post-thumbnail","6":"product_cat-voyage-bagagerie","8":"first","9":"instock","10":"shipping-taxable","11":"purchasable","12":"product-type-simple"},"_links":{"self":[{"href":"https:\/\/www.hapy-com.fr\/echoppe\/wp-json\/wp\/v2\/product\/23000","targetHints":{"allow":["GET"]}}],"collection":[{"href":"https:\/\/www.hapy-com.fr\/echoppe\/wp-json\/wp\/v2\/product"}],"about":[{"href":"https:\/\/www.hapy-com.fr\/echoppe\/wp-json\/wp\/v2\/types\/product"}],"wp:featuredmedia":[{"embeddable":true,"href":"https:\/\/www.hapy-com.fr\/echoppe\/wp-json\/wp\/v2\/media\/22999"}],"wp:attachment":[{"href":"https:\/\/www.hapy-com.fr\/echoppe\/wp-json\/wp\/v2\/media?parent=23000"}],"wp:term":[{"taxonomy":"product_cat","embeddable":true,"href":"https:\/\/www.hapy-com.fr\/echoppe\/wp-json\/wp\/v2\/product_cat?post=23000"},{"taxonomy":"product_tag","embeddable":true,"href":"https:\/\/www.hapy-com.fr\/echoppe\/wp-json\/wp\/v2\/product_tag?post=23000"}],"curies":[{"name":"wp","href":"https:\/\/api.w.org\/{rel}","templated":true}]}}