{"id":23002,"date":"2022-06-24T13:56:05","date_gmt":"2022-06-24T11:56:05","guid":{"rendered":"http:\/\/www.hapy-com.fr\/echoppe\/product\/sac-a-dos-power-bank-briden\/"},"modified":"2022-06-24T13:56:05","modified_gmt":"2022-06-24T11:56:05","slug":"sac-a-dos-power-bank-briden","status":"publish","type":"product","link":"https:\/\/www.hapy-com.fr\/echoppe\/product\/sac-a-dos-power-bank-briden\/","title":{"rendered":"Sac \u00e0 Dos Power Bank Briden"},"content":{"rendered":"<p>Sac \u00e0 dos business powerbank hydrofuge en nylon de haute qualit\u00e9. Y compris batterie auxiliaire de 8 000 mAh de capacit\u00e9 de charge et sortie USB pour un confort total dans la charge de tout appareil mobile. C\u00e2ble de charge double de type C et micro USB inclus. Deux compartiments int\u00e9rieurs ind\u00e9pendants et rembourr\u00e9s pour ordinateur portable jusqu\u00b4\u00e0 17 pouces et pour les tablettes jusqu\u00b4\u00e0 12 pouces. Avec de nombreuses poches int\u00e9rieures et ext\u00e9rieures. Bretelles aux \u00e9paules et au dos avec rembourrage ergonomique.<\/p>\n","protected":false},"excerpt":{"rendered":"<p>Sac \u00e0 dos business powerbank hydrofuge en nylon de haute qualit\u00e9. Y compris batterie auxiliaire de 8 000 mAh de capacit\u00e9 de charge et sortie USB pour un confort total&#8230;<\/p>\n","protected":false},"featured_media":23001,"template":"","meta":[],"product_cat":[338],"product_tag":[],"class_list":{"0":"post-23002","1":"product","2":"type-product","3":"status-publish","4":"has-post-thumbnail","6":"product_cat-voyage-bagagerie","8":"first","9":"instock","10":"shipping-taxable","11":"purchasable","12":"product-type-simple"},"_links":{"self":[{"href":"https:\/\/www.hapy-com.fr\/echoppe\/wp-json\/wp\/v2\/product\/23002","targetHints":{"allow":["GET"]}}],"collection":[{"href":"https:\/\/www.hapy-com.fr\/echoppe\/wp-json\/wp\/v2\/product"}],"about":[{"href":"https:\/\/www.hapy-com.fr\/echoppe\/wp-json\/wp\/v2\/types\/product"}],"wp:featuredmedia":[{"embeddable":true,"href":"https:\/\/www.hapy-com.fr\/echoppe\/wp-json\/wp\/v2\/media\/23001"}],"wp:attachment":[{"href":"https:\/\/www.hapy-com.fr\/echoppe\/wp-json\/wp\/v2\/media?parent=23002"}],"wp:term":[{"taxonomy":"product_cat","embeddable":true,"href":"https:\/\/www.hapy-com.fr\/echoppe\/wp-json\/wp\/v2\/product_cat?post=23002"},{"taxonomy":"product_tag","embeddable":true,"href":"https:\/\/www.hapy-com.fr\/echoppe\/wp-json\/wp\/v2\/product_tag?post=23002"}],"curies":[{"name":"wp","href":"https:\/\/api.w.org\/{rel}","templated":true}]}}