{"id":23004,"date":"2022-06-24T13:56:06","date_gmt":"2022-06-24T11:56:06","guid":{"rendered":"http:\/\/www.hapy-com.fr\/echoppe\/product\/sac-a-dos-indicateur-halton\/"},"modified":"2022-06-24T13:56:06","modified_gmt":"2022-06-24T11:56:06","slug":"sac-a-dos-indicateur-halton","status":"publish","type":"product","link":"https:\/\/www.hapy-com.fr\/echoppe\/product\/sac-a-dos-indicateur-halton\/","title":{"rendered":"Sac \u00e0 Dos Indicateur Halton"},"content":{"rendered":"<p>Sac \u00e0 dos avec indicateurs, en polyester durable 600D. Indicateurs lumineux \u00e0 la base, avec signalisation contr\u00f4l\u00e9e des bretelles du sac \u00e0 dos. Poche principale avec double poign\u00e9e et int\u00e9rieur avec poche rembourr\u00e9e pour ordinateur portable jusqu \u00e0 15 pouces. Dos rembourr\u00e9 et rubans. Micro connexion USB -c\u00e2ble inclus-. Il n\u00e9cessite une banque d alimentation &#8211; non incluse &#8211; pour le fonctionnement des lumi\u00e8res.<\/p>\n","protected":false},"excerpt":{"rendered":"<p>Sac \u00e0 dos avec indicateurs, en polyester durable 600D. Indicateurs lumineux \u00e0 la base, avec signalisation contr\u00f4l\u00e9e des bretelles du sac \u00e0 dos. Poche principale avec double poign\u00e9e et int\u00e9rieur&#8230;<\/p>\n","protected":false},"featured_media":23003,"template":"","meta":[],"product_cat":[338],"product_tag":[],"class_list":{"0":"post-23004","1":"product","2":"type-product","3":"status-publish","4":"has-post-thumbnail","6":"product_cat-voyage-bagagerie","8":"first","9":"instock","10":"shipping-taxable","11":"purchasable","12":"product-type-simple"},"_links":{"self":[{"href":"https:\/\/www.hapy-com.fr\/echoppe\/wp-json\/wp\/v2\/product\/23004","targetHints":{"allow":["GET"]}}],"collection":[{"href":"https:\/\/www.hapy-com.fr\/echoppe\/wp-json\/wp\/v2\/product"}],"about":[{"href":"https:\/\/www.hapy-com.fr\/echoppe\/wp-json\/wp\/v2\/types\/product"}],"wp:featuredmedia":[{"embeddable":true,"href":"https:\/\/www.hapy-com.fr\/echoppe\/wp-json\/wp\/v2\/media\/23003"}],"wp:attachment":[{"href":"https:\/\/www.hapy-com.fr\/echoppe\/wp-json\/wp\/v2\/media?parent=23004"}],"wp:term":[{"taxonomy":"product_cat","embeddable":true,"href":"https:\/\/www.hapy-com.fr\/echoppe\/wp-json\/wp\/v2\/product_cat?post=23004"},{"taxonomy":"product_tag","embeddable":true,"href":"https:\/\/www.hapy-com.fr\/echoppe\/wp-json\/wp\/v2\/product_tag?post=23004"}],"curies":[{"name":"wp","href":"https:\/\/api.w.org\/{rel}","templated":true}]}}