{"id":23010,"date":"2022-06-24T13:56:11","date_gmt":"2022-06-24T11:56:11","guid":{"rendered":"http:\/\/www.hapy-com.fr\/echoppe\/product\/sac-donatox\/"},"modified":"2022-06-24T13:56:11","modified_gmt":"2022-06-24T11:56:11","slug":"sac-donatox","status":"publish","type":"product","link":"https:\/\/www.hapy-com.fr\/echoppe\/product\/sac-donatox\/","title":{"rendered":"Sac Donatox"},"content":{"rendered":"<p>Sac polyvalent en polyester 600D r\u00e9sistant avec une finition denim. Avec connexion USB &#8211; c\u00e2ble et banque d\u00b4alimentation non inclus -, compartiment ind\u00e9pendant avec fermeture \u00e0 glissi\u00e8re pour chaussures et poche lat\u00e9rale \u00e0 fermeture \u00e0 glissi\u00e8re. Compartiment principal avec double fermeture \u00e0 glissi\u00e8re et poign\u00e9es de transport renforc\u00e9es avec un rembourrage. Renfort en nylon autour du corps et sangle r\u00e9glable avec double fermeture \u00e0 mousqueton.<\/p>\n","protected":false},"excerpt":{"rendered":"<p>Sac polyvalent en polyester 600D r\u00e9sistant avec une finition denim. Avec connexion USB &#8211; c\u00e2ble et banque d\u00b4alimentation non inclus -, compartiment ind\u00e9pendant avec fermeture \u00e0 glissi\u00e8re pour chaussures et&#8230;<\/p>\n","protected":false},"featured_media":23009,"template":"","meta":[],"product_cat":[338],"product_tag":[],"class_list":{"0":"post-23010","1":"product","2":"type-product","3":"status-publish","4":"has-post-thumbnail","6":"product_cat-voyage-bagagerie","8":"first","9":"instock","10":"shipping-taxable","11":"purchasable","12":"product-type-simple"},"_links":{"self":[{"href":"https:\/\/www.hapy-com.fr\/echoppe\/wp-json\/wp\/v2\/product\/23010","targetHints":{"allow":["GET"]}}],"collection":[{"href":"https:\/\/www.hapy-com.fr\/echoppe\/wp-json\/wp\/v2\/product"}],"about":[{"href":"https:\/\/www.hapy-com.fr\/echoppe\/wp-json\/wp\/v2\/types\/product"}],"wp:featuredmedia":[{"embeddable":true,"href":"https:\/\/www.hapy-com.fr\/echoppe\/wp-json\/wp\/v2\/media\/23009"}],"wp:attachment":[{"href":"https:\/\/www.hapy-com.fr\/echoppe\/wp-json\/wp\/v2\/media?parent=23010"}],"wp:term":[{"taxonomy":"product_cat","embeddable":true,"href":"https:\/\/www.hapy-com.fr\/echoppe\/wp-json\/wp\/v2\/product_cat?post=23010"},{"taxonomy":"product_tag","embeddable":true,"href":"https:\/\/www.hapy-com.fr\/echoppe\/wp-json\/wp\/v2\/product_tag?post=23010"}],"curies":[{"name":"wp","href":"https:\/\/api.w.org\/{rel}","templated":true}]}}