{"id":23014,"date":"2022-06-24T13:56:15","date_gmt":"2022-06-24T11:56:15","guid":{"rendered":"http:\/\/www.hapy-com.fr\/echoppe\/product\/sac-a-dos-trolley-haltrix-2\/"},"modified":"2022-06-24T13:56:15","modified_gmt":"2022-06-24T11:56:15","slug":"sac-a-dos-trolley-haltrix-2","status":"publish","type":"product","link":"https:\/\/www.hapy-com.fr\/echoppe\/product\/sac-a-dos-trolley-haltrix-2\/","title":{"rendered":"Sac \u00e0 Dos Trolley Haltrix"},"content":{"rendered":"<p>Sac \u00e0 dos de chariot en polyester 300D durable. Avec la connexion USB -powerbank non inclus- et la poche int\u00e9rieure rembourr\u00e9e pour ordinateur portable jusqu \u00e0 15 pouces et compartiment tablette jusqu \u00e0 10 pouces. Poche principale avec double poign\u00e9e, poches lat\u00e9rales et avant. Compartiment de m\u00e9canisme de chariot avec fermeture de fermeture \u00e9clair, accessoire renforc\u00e9 de poign\u00e9e et de couverture de roue avec fixation de velcro. Dos rembourr\u00e9 et bretelles r\u00e9glables avec rembourrage.<\/p>\n","protected":false},"excerpt":{"rendered":"<p>Sac \u00e0 dos de chariot en polyester 300D durable. Avec la connexion USB -powerbank non inclus- et la poche int\u00e9rieure rembourr\u00e9e pour ordinateur portable jusqu \u00e0 15 pouces et compartiment&#8230;<\/p>\n","protected":false},"featured_media":23013,"template":"","meta":[],"product_cat":[338],"product_tag":[],"class_list":{"0":"post-23014","1":"product","2":"type-product","3":"status-publish","4":"has-post-thumbnail","6":"product_cat-voyage-bagagerie","8":"first","9":"instock","10":"shipping-taxable","11":"purchasable","12":"product-type-simple"},"_links":{"self":[{"href":"https:\/\/www.hapy-com.fr\/echoppe\/wp-json\/wp\/v2\/product\/23014","targetHints":{"allow":["GET"]}}],"collection":[{"href":"https:\/\/www.hapy-com.fr\/echoppe\/wp-json\/wp\/v2\/product"}],"about":[{"href":"https:\/\/www.hapy-com.fr\/echoppe\/wp-json\/wp\/v2\/types\/product"}],"wp:featuredmedia":[{"embeddable":true,"href":"https:\/\/www.hapy-com.fr\/echoppe\/wp-json\/wp\/v2\/media\/23013"}],"wp:attachment":[{"href":"https:\/\/www.hapy-com.fr\/echoppe\/wp-json\/wp\/v2\/media?parent=23014"}],"wp:term":[{"taxonomy":"product_cat","embeddable":true,"href":"https:\/\/www.hapy-com.fr\/echoppe\/wp-json\/wp\/v2\/product_cat?post=23014"},{"taxonomy":"product_tag","embeddable":true,"href":"https:\/\/www.hapy-com.fr\/echoppe\/wp-json\/wp\/v2\/product_tag?post=23014"}],"curies":[{"name":"wp","href":"https:\/\/api.w.org\/{rel}","templated":true}]}}