{"id":23037,"date":"2022-06-24T13:56:36","date_gmt":"2022-06-24T11:56:36","guid":{"rendered":"http:\/\/www.hapy-com.fr\/echoppe\/product\/parapluie-extensible-kolper-4\/"},"modified":"2022-06-24T13:56:36","modified_gmt":"2022-06-24T11:56:36","slug":"parapluie-extensible-kolper-4","status":"publish","type":"product","link":"https:\/\/www.hapy-com.fr\/echoppe\/product\/parapluie-extensible-kolper-4\/","title":{"rendered":"Parapluie Extensible Kolper"},"content":{"rendered":"<p>Parapluie avec 8 panneaux extensibles. Fabriqu\u00e9 en mat\u00e9riau pong\u00e9, 105cm de diam\u00e8tre et syst\u00e8me anti-vent. Comprend une extension dans le m\u00eame mat\u00e9riau pour prot\u00e9ger le sac \u00e0 dos de leau. M\u00e9canisme automatique, avec tiges en fibre et poign\u00e9e incurv\u00e9e. Disponible en diff\u00e9rentes couleurs.<\/p>\n","protected":false},"excerpt":{"rendered":"<p>Parapluie avec 8 panneaux extensibles. Fabriqu\u00e9 en mat\u00e9riau pong\u00e9, 105cm de diam\u00e8tre et syst\u00e8me anti-vent. Comprend une extension dans le m\u00eame mat\u00e9riau pour prot\u00e9ger le sac \u00e0 dos de leau&#8230;.<\/p>\n","protected":false},"featured_media":23036,"template":"","meta":[],"product_cat":[338],"product_tag":[],"class_list":{"0":"post-23037","1":"product","2":"type-product","3":"status-publish","4":"has-post-thumbnail","6":"product_cat-voyage-bagagerie","8":"first","9":"instock","10":"shipping-taxable","11":"purchasable","12":"product-type-simple"},"_links":{"self":[{"href":"https:\/\/www.hapy-com.fr\/echoppe\/wp-json\/wp\/v2\/product\/23037","targetHints":{"allow":["GET"]}}],"collection":[{"href":"https:\/\/www.hapy-com.fr\/echoppe\/wp-json\/wp\/v2\/product"}],"about":[{"href":"https:\/\/www.hapy-com.fr\/echoppe\/wp-json\/wp\/v2\/types\/product"}],"wp:featuredmedia":[{"embeddable":true,"href":"https:\/\/www.hapy-com.fr\/echoppe\/wp-json\/wp\/v2\/media\/23036"}],"wp:attachment":[{"href":"https:\/\/www.hapy-com.fr\/echoppe\/wp-json\/wp\/v2\/media?parent=23037"}],"wp:term":[{"taxonomy":"product_cat","embeddable":true,"href":"https:\/\/www.hapy-com.fr\/echoppe\/wp-json\/wp\/v2\/product_cat?post=23037"},{"taxonomy":"product_tag","embeddable":true,"href":"https:\/\/www.hapy-com.fr\/echoppe\/wp-json\/wp\/v2\/product_tag?post=23037"}],"curies":[{"name":"wp","href":"https:\/\/api.w.org\/{rel}","templated":true}]}}