{"id":23049,"date":"2022-06-24T13:56:47","date_gmt":"2022-06-24T11:56:47","guid":{"rendered":"http:\/\/www.hapy-com.fr\/echoppe\/product\/sac-a-dos-pliable-hedux-3\/"},"modified":"2022-06-24T13:56:47","modified_gmt":"2022-06-24T11:56:47","slug":"sac-a-dos-pliable-hedux-3","status":"publish","type":"product","link":"https:\/\/www.hapy-com.fr\/echoppe\/product\/sac-a-dos-pliable-hedux-3\/","title":{"rendered":"Sac \u00e0 Dos Pliable Hedux"},"content":{"rendered":"<p>Sac \u00e0 dos pliable technique en mati\u00e8re robuste. Fermeture \u00e0 boucle sur le compartiment principal, cordons \u00e9lastiques et bretelles r\u00e9glables. Une fois pli\u00e9, possibilit\u00e9 de ranger le sac dans un pochon fourni. Disponible en diff\u00e9rentes couleurs. Polyester 210D \/ Ripstop<\/p>\n","protected":false},"excerpt":{"rendered":"<p>Sac \u00e0 dos pliable technique en mati\u00e8re robuste. Fermeture \u00e0 boucle sur le compartiment principal, cordons \u00e9lastiques et bretelles r\u00e9glables. Une fois pli\u00e9, possibilit\u00e9 de ranger le sac dans un&#8230;<\/p>\n","protected":false},"featured_media":23048,"template":"","meta":[],"product_cat":[338],"product_tag":[],"class_list":{"0":"post-23049","1":"product","2":"type-product","3":"status-publish","4":"has-post-thumbnail","6":"product_cat-voyage-bagagerie","8":"first","9":"instock","10":"shipping-taxable","11":"purchasable","12":"product-type-simple"},"_links":{"self":[{"href":"https:\/\/www.hapy-com.fr\/echoppe\/wp-json\/wp\/v2\/product\/23049","targetHints":{"allow":["GET"]}}],"collection":[{"href":"https:\/\/www.hapy-com.fr\/echoppe\/wp-json\/wp\/v2\/product"}],"about":[{"href":"https:\/\/www.hapy-com.fr\/echoppe\/wp-json\/wp\/v2\/types\/product"}],"wp:featuredmedia":[{"embeddable":true,"href":"https:\/\/www.hapy-com.fr\/echoppe\/wp-json\/wp\/v2\/media\/23048"}],"wp:attachment":[{"href":"https:\/\/www.hapy-com.fr\/echoppe\/wp-json\/wp\/v2\/media?parent=23049"}],"wp:term":[{"taxonomy":"product_cat","embeddable":true,"href":"https:\/\/www.hapy-com.fr\/echoppe\/wp-json\/wp\/v2\/product_cat?post=23049"},{"taxonomy":"product_tag","embeddable":true,"href":"https:\/\/www.hapy-com.fr\/echoppe\/wp-json\/wp\/v2\/product_tag?post=23049"}],"curies":[{"name":"wp","href":"https:\/\/api.w.org\/{rel}","templated":true}]}}