{"id":23053,"date":"2022-06-24T13:56:50","date_gmt":"2022-06-24T11:56:50","guid":{"rendered":"http:\/\/www.hapy-com.fr\/echoppe\/product\/sac-a-dos-rigal\/"},"modified":"2022-06-24T13:56:50","modified_gmt":"2022-06-24T11:56:50","slug":"sac-a-dos-rigal","status":"publish","type":"product","link":"https:\/\/www.hapy-com.fr\/echoppe\/product\/sac-a-dos-rigal\/","title":{"rendered":"Sac \u00e0 Dos Rigal"},"content":{"rendered":"<p>Sac \u00e0 dos de s\u00e9curit\u00e9, avec la conception urbaine en polyester 300D durable. Poche int\u00e9rieure avec protection de s\u00e9curit\u00e9 RFID (Radio Frequency Identification) qui assure la s\u00e9curit\u00e9 des donn\u00e9es de carte et d autres appareils. Compartiment principal avec tapis zipp\u00e9 \u00e9l\u00e9gant. Avec la connexion USB -powerbank non inclus- et la poche int\u00e9rieure rembourr\u00e9e pour ordinateur portable jusqu \u00e0 15 pouces. Bandes de dos et rembourr\u00e9es<\/p>\n","protected":false},"excerpt":{"rendered":"<p>Sac \u00e0 dos de s\u00e9curit\u00e9, avec la conception urbaine en polyester 300D durable. Poche int\u00e9rieure avec protection de s\u00e9curit\u00e9 RFID (Radio Frequency Identification) qui assure la s\u00e9curit\u00e9 des donn\u00e9es de&#8230;<\/p>\n","protected":false},"featured_media":23052,"template":"","meta":[],"product_cat":[338],"product_tag":[],"class_list":{"0":"post-23053","1":"product","2":"type-product","3":"status-publish","4":"has-post-thumbnail","6":"product_cat-voyage-bagagerie","8":"first","9":"instock","10":"shipping-taxable","11":"purchasable","12":"product-type-simple"},"_links":{"self":[{"href":"https:\/\/www.hapy-com.fr\/echoppe\/wp-json\/wp\/v2\/product\/23053","targetHints":{"allow":["GET"]}}],"collection":[{"href":"https:\/\/www.hapy-com.fr\/echoppe\/wp-json\/wp\/v2\/product"}],"about":[{"href":"https:\/\/www.hapy-com.fr\/echoppe\/wp-json\/wp\/v2\/types\/product"}],"wp:featuredmedia":[{"embeddable":true,"href":"https:\/\/www.hapy-com.fr\/echoppe\/wp-json\/wp\/v2\/media\/23052"}],"wp:attachment":[{"href":"https:\/\/www.hapy-com.fr\/echoppe\/wp-json\/wp\/v2\/media?parent=23053"}],"wp:term":[{"taxonomy":"product_cat","embeddable":true,"href":"https:\/\/www.hapy-com.fr\/echoppe\/wp-json\/wp\/v2\/product_cat?post=23053"},{"taxonomy":"product_tag","embeddable":true,"href":"https:\/\/www.hapy-com.fr\/echoppe\/wp-json\/wp\/v2\/product_tag?post=23053"}],"curies":[{"name":"wp","href":"https:\/\/api.w.org\/{rel}","templated":true}]}}