{"id":23055,"date":"2022-06-24T13:56:52","date_gmt":"2022-06-24T11:56:52","guid":{"rendered":"http:\/\/www.hapy-com.fr\/echoppe\/product\/porte-documents-lenket\/"},"modified":"2022-06-24T13:56:52","modified_gmt":"2022-06-24T11:56:52","slug":"porte-documents-lenket","status":"publish","type":"product","link":"https:\/\/www.hapy-com.fr\/echoppe\/product\/porte-documents-lenket\/","title":{"rendered":"Porte-Documents Lenket"},"content":{"rendered":"<p>Porte documents de s\u00e9curit\u00e9, avec design urbain en polyester 300D durable. Poche int\u00e9rieure avec protection de s\u00e9curit\u00e9 RFID (Radio Frequency Identification) qui assure la s\u00e9curit\u00e9 des donn\u00e9es de carte et d autres appareils. Poign\u00e9es de protection et compartiment principal avec fermeture \u00e9clair. Connexion USB -powerbank non comprise-, avec poches int\u00e9rieures rembourr\u00e9es pour ordinateurs portables jusqu \u00e0 15 pouces et tablettes jusqu \u00e0 10 pouces. Sangle d \u00e9paule r\u00e9glable avec protecteur rembourr\u00e9.<\/p>\n","protected":false},"excerpt":{"rendered":"<p>Porte documents de s\u00e9curit\u00e9, avec design urbain en polyester 300D durable. Poche int\u00e9rieure avec protection de s\u00e9curit\u00e9 RFID (Radio Frequency Identification) qui assure la s\u00e9curit\u00e9 des donn\u00e9es de carte et&#8230;<\/p>\n","protected":false},"featured_media":23054,"template":"","meta":[],"product_cat":[338],"product_tag":[],"class_list":{"0":"post-23055","1":"product","2":"type-product","3":"status-publish","4":"has-post-thumbnail","6":"product_cat-voyage-bagagerie","8":"first","9":"instock","10":"shipping-taxable","11":"purchasable","12":"product-type-simple"},"_links":{"self":[{"href":"https:\/\/www.hapy-com.fr\/echoppe\/wp-json\/wp\/v2\/product\/23055","targetHints":{"allow":["GET"]}}],"collection":[{"href":"https:\/\/www.hapy-com.fr\/echoppe\/wp-json\/wp\/v2\/product"}],"about":[{"href":"https:\/\/www.hapy-com.fr\/echoppe\/wp-json\/wp\/v2\/types\/product"}],"wp:featuredmedia":[{"embeddable":true,"href":"https:\/\/www.hapy-com.fr\/echoppe\/wp-json\/wp\/v2\/media\/23054"}],"wp:attachment":[{"href":"https:\/\/www.hapy-com.fr\/echoppe\/wp-json\/wp\/v2\/media?parent=23055"}],"wp:term":[{"taxonomy":"product_cat","embeddable":true,"href":"https:\/\/www.hapy-com.fr\/echoppe\/wp-json\/wp\/v2\/product_cat?post=23055"},{"taxonomy":"product_tag","embeddable":true,"href":"https:\/\/www.hapy-com.fr\/echoppe\/wp-json\/wp\/v2\/product_tag?post=23055"}],"curies":[{"name":"wp","href":"https:\/\/api.w.org\/{rel}","templated":true}]}}