{"id":23057,"date":"2022-06-24T13:56:54","date_gmt":"2022-06-24T11:56:54","guid":{"rendered":"http:\/\/www.hapy-com.fr\/echoppe\/product\/sac-a-dos-brinem\/"},"modified":"2022-06-24T13:56:54","modified_gmt":"2022-06-24T11:56:54","slug":"sac-a-dos-brinem","status":"publish","type":"product","link":"https:\/\/www.hapy-com.fr\/echoppe\/product\/sac-a-dos-brinem\/","title":{"rendered":"Sac \u00e0 Dos Brinem"},"content":{"rendered":"<p>Sac \u00e0 dos d affaires antivol en polyester 300D de haute qualit\u00e9. Sortie USB pour la recharge -powerbank non incluse- et poche de bande gauche avec un acc\u00e8s facile pour la carte de transport et d autres documents fr\u00e9quemment utilis\u00e9s. Verrouillage de s\u00e9curit\u00e9 de mot de passe. Deux compartiments int\u00e9rieurs s\u00e9par\u00e9s avec fermeture \u00e9clair et poche d ordinateur portable rembourr\u00e9 jusqu \u00e0 15 pouces. Avec une multitude de poches int\u00e9rieures et ext\u00e9rieures et poche anti-vol sur le dos. Sangles d \u00e9paule et de dos avec rembourrage ergonomique. Avec accessoire de chariot.<\/p>\n","protected":false},"excerpt":{"rendered":"<p>Sac \u00e0 dos d affaires antivol en polyester 300D de haute qualit\u00e9. Sortie USB pour la recharge -powerbank non incluse- et poche de bande gauche avec un acc\u00e8s facile pour&#8230;<\/p>\n","protected":false},"featured_media":23056,"template":"","meta":[],"product_cat":[338],"product_tag":[],"class_list":{"0":"post-23057","1":"product","2":"type-product","3":"status-publish","4":"has-post-thumbnail","6":"product_cat-voyage-bagagerie","8":"first","9":"instock","10":"shipping-taxable","11":"purchasable","12":"product-type-simple"},"_links":{"self":[{"href":"https:\/\/www.hapy-com.fr\/echoppe\/wp-json\/wp\/v2\/product\/23057","targetHints":{"allow":["GET"]}}],"collection":[{"href":"https:\/\/www.hapy-com.fr\/echoppe\/wp-json\/wp\/v2\/product"}],"about":[{"href":"https:\/\/www.hapy-com.fr\/echoppe\/wp-json\/wp\/v2\/types\/product"}],"wp:featuredmedia":[{"embeddable":true,"href":"https:\/\/www.hapy-com.fr\/echoppe\/wp-json\/wp\/v2\/media\/23056"}],"wp:attachment":[{"href":"https:\/\/www.hapy-com.fr\/echoppe\/wp-json\/wp\/v2\/media?parent=23057"}],"wp:term":[{"taxonomy":"product_cat","embeddable":true,"href":"https:\/\/www.hapy-com.fr\/echoppe\/wp-json\/wp\/v2\/product_cat?post=23057"},{"taxonomy":"product_tag","embeddable":true,"href":"https:\/\/www.hapy-com.fr\/echoppe\/wp-json\/wp\/v2\/product_tag?post=23057"}],"curies":[{"name":"wp","href":"https:\/\/api.w.org\/{rel}","templated":true}]}}