{"id":23061,"date":"2022-06-24T13:56:57","date_gmt":"2022-06-24T11:56:57","guid":{"rendered":"http:\/\/www.hapy-com.fr\/echoppe\/product\/banane-zunder\/"},"modified":"2022-06-24T13:56:57","modified_gmt":"2022-06-24T11:56:57","slug":"banane-zunder","status":"publish","type":"product","link":"https:\/\/www.hapy-com.fr\/echoppe\/product\/banane-zunder\/","title":{"rendered":"Banane Zunder"},"content":{"rendered":"<p>Sac banane en polyester 600 D. R\u00e9sistant avec une finition \u00e9l\u00e9gante. Taille r\u00e9glable, poche zip\u00e9e. Con\u00e7u pour les activit\u00e9s quotidiennes et de loisirs. Disponible en diff\u00e9rentes couleurs.<\/p>\n","protected":false},"excerpt":{"rendered":"<p>Sac banane en polyester 600 D. R\u00e9sistant avec une finition \u00e9l\u00e9gante. Taille r\u00e9glable, poche zip\u00e9e. Con\u00e7u pour les activit\u00e9s quotidiennes et de loisirs. Disponible en diff\u00e9rentes couleurs.<\/p>\n","protected":false},"featured_media":23060,"template":"","meta":[],"product_cat":[338],"product_tag":[],"class_list":{"0":"post-23061","1":"product","2":"type-product","3":"status-publish","4":"has-post-thumbnail","6":"product_cat-voyage-bagagerie","8":"first","9":"instock","10":"shipping-taxable","11":"purchasable","12":"product-type-simple"},"_links":{"self":[{"href":"https:\/\/www.hapy-com.fr\/echoppe\/wp-json\/wp\/v2\/product\/23061","targetHints":{"allow":["GET"]}}],"collection":[{"href":"https:\/\/www.hapy-com.fr\/echoppe\/wp-json\/wp\/v2\/product"}],"about":[{"href":"https:\/\/www.hapy-com.fr\/echoppe\/wp-json\/wp\/v2\/types\/product"}],"wp:featuredmedia":[{"embeddable":true,"href":"https:\/\/www.hapy-com.fr\/echoppe\/wp-json\/wp\/v2\/media\/23060"}],"wp:attachment":[{"href":"https:\/\/www.hapy-com.fr\/echoppe\/wp-json\/wp\/v2\/media?parent=23061"}],"wp:term":[{"taxonomy":"product_cat","embeddable":true,"href":"https:\/\/www.hapy-com.fr\/echoppe\/wp-json\/wp\/v2\/product_cat?post=23061"},{"taxonomy":"product_tag","embeddable":true,"href":"https:\/\/www.hapy-com.fr\/echoppe\/wp-json\/wp\/v2\/product_tag?post=23061"}],"curies":[{"name":"wp","href":"https:\/\/api.w.org\/{rel}","templated":true}]}}