{"id":23073,"date":"2022-06-24T13:57:07","date_gmt":"2022-06-24T11:57:07","guid":{"rendered":"http:\/\/www.hapy-com.fr\/echoppe\/product\/sac-a-dos-antivol-vectom\/"},"modified":"2022-06-24T13:57:07","modified_gmt":"2022-06-24T11:57:07","slug":"sac-a-dos-antivol-vectom","status":"publish","type":"product","link":"https:\/\/www.hapy-com.fr\/echoppe\/product\/sac-a-dos-antivol-vectom\/","title":{"rendered":"Sac \u00e0 Dos Antivol Vectom"},"content":{"rendered":"<p>Sac \u00e0 dos d affaires antivol en polyester durable de haute qualit\u00e9 300D, r\u00e9sistant aux coupures et aux frictions. Disponible en finitions grises et noires. Avec poche antivol sur le dos pour stocker des objets de valeur. Compartiment int\u00e9rieur avec sortie USB pour la connexion powerbank -non inclus.. Avec fermeture \u00e9clair de s\u00e9curit\u00e9, deux compartiments int\u00e9rieurs s\u00e9par\u00e9s et rembourrage pour ordinateurs portables jusqu \u00e0 15 pouces et comprim\u00e9s jusqu \u00e0 10 pouces. Avec une multitude de poches int\u00e9rieures et ext\u00e9rieures. Sangles d \u00e9paule et de dos avec rembourrage ergonomique. Avec accessoire de chariot.<\/p>\n","protected":false},"excerpt":{"rendered":"<p>Sac \u00e0 dos d affaires antivol en polyester durable de haute qualit\u00e9 300D, r\u00e9sistant aux coupures et aux frictions. Disponible en finitions grises et noires. Avec poche antivol sur le&#8230;<\/p>\n","protected":false},"featured_media":23072,"template":"","meta":[],"product_cat":[338],"product_tag":[],"class_list":{"0":"post-23073","1":"product","2":"type-product","3":"status-publish","4":"has-post-thumbnail","6":"product_cat-voyage-bagagerie","8":"first","9":"instock","10":"shipping-taxable","11":"purchasable","12":"product-type-simple"},"_links":{"self":[{"href":"https:\/\/www.hapy-com.fr\/echoppe\/wp-json\/wp\/v2\/product\/23073","targetHints":{"allow":["GET"]}}],"collection":[{"href":"https:\/\/www.hapy-com.fr\/echoppe\/wp-json\/wp\/v2\/product"}],"about":[{"href":"https:\/\/www.hapy-com.fr\/echoppe\/wp-json\/wp\/v2\/types\/product"}],"wp:featuredmedia":[{"embeddable":true,"href":"https:\/\/www.hapy-com.fr\/echoppe\/wp-json\/wp\/v2\/media\/23072"}],"wp:attachment":[{"href":"https:\/\/www.hapy-com.fr\/echoppe\/wp-json\/wp\/v2\/media?parent=23073"}],"wp:term":[{"taxonomy":"product_cat","embeddable":true,"href":"https:\/\/www.hapy-com.fr\/echoppe\/wp-json\/wp\/v2\/product_cat?post=23073"},{"taxonomy":"product_tag","embeddable":true,"href":"https:\/\/www.hapy-com.fr\/echoppe\/wp-json\/wp\/v2\/product_tag?post=23073"}],"curies":[{"name":"wp","href":"https:\/\/api.w.org\/{rel}","templated":true}]}}