{"id":23086,"date":"2022-06-24T13:57:17","date_gmt":"2022-06-24T11:57:17","guid":{"rendered":"http:\/\/www.hapy-com.fr\/echoppe\/product\/lumiere-reflectante-tinax-4\/"},"modified":"2022-06-24T13:57:17","modified_gmt":"2022-06-24T11:57:17","slug":"lumiere-reflectante-tinax-4","status":"publish","type":"product","link":"https:\/\/www.hapy-com.fr\/echoppe\/product\/lumiere-reflectante-tinax-4\/","title":{"rendered":"Lumi\u00e8re R\u00e9fl\u00e9ctante Tinax"},"content":{"rendered":"<p>Lumi\u00e8re de s\u00e9curit\u00e9 pour sportifs avec fixation pens\u00e9e sp\u00e9cialement pour s\u00b4adapter sur une fermeture \u00e9clair. LED blanche avec 2 positions d\u00b4\u00e9clairage (fixe et clignotante) et un bouton ON\/OFF. En ABS et en silicone et disponible en plusieurs coloris. Aliment\u00e9e par pile bouton incluse.<\/p>\n","protected":false},"excerpt":{"rendered":"<p>Lumi\u00e8re de s\u00e9curit\u00e9 pour sportifs avec fixation pens\u00e9e sp\u00e9cialement pour s\u00b4adapter sur une fermeture \u00e9clair. LED blanche avec 2 positions d\u00b4\u00e9clairage (fixe et clignotante) et un bouton ON\/OFF. En ABS&#8230;<\/p>\n","protected":false},"featured_media":23085,"template":"","meta":[],"product_cat":[338],"product_tag":[],"class_list":{"0":"post-23086","1":"product","2":"type-product","3":"status-publish","4":"has-post-thumbnail","6":"product_cat-voyage-bagagerie","8":"first","9":"instock","10":"shipping-taxable","11":"purchasable","12":"product-type-simple"},"_links":{"self":[{"href":"https:\/\/www.hapy-com.fr\/echoppe\/wp-json\/wp\/v2\/product\/23086","targetHints":{"allow":["GET"]}}],"collection":[{"href":"https:\/\/www.hapy-com.fr\/echoppe\/wp-json\/wp\/v2\/product"}],"about":[{"href":"https:\/\/www.hapy-com.fr\/echoppe\/wp-json\/wp\/v2\/types\/product"}],"wp:featuredmedia":[{"embeddable":true,"href":"https:\/\/www.hapy-com.fr\/echoppe\/wp-json\/wp\/v2\/media\/23085"}],"wp:attachment":[{"href":"https:\/\/www.hapy-com.fr\/echoppe\/wp-json\/wp\/v2\/media?parent=23086"}],"wp:term":[{"taxonomy":"product_cat","embeddable":true,"href":"https:\/\/www.hapy-com.fr\/echoppe\/wp-json\/wp\/v2\/product_cat?post=23086"},{"taxonomy":"product_tag","embeddable":true,"href":"https:\/\/www.hapy-com.fr\/echoppe\/wp-json\/wp\/v2\/product_tag?post=23086"}],"curies":[{"name":"wp","href":"https:\/\/api.w.org\/{rel}","templated":true}]}}