{"id":23091,"date":"2022-06-24T13:57:22","date_gmt":"2022-06-24T11:57:22","guid":{"rendered":"http:\/\/www.hapy-com.fr\/echoppe\/product\/tablier-vurcex-2\/"},"modified":"2022-06-24T13:57:22","modified_gmt":"2022-06-24T11:57:22","slug":"tablier-vurcex-2","status":"publish","type":"product","link":"https:\/\/www.hapy-com.fr\/echoppe\/product\/tablier-vurcex-2\/","title":{"rendered":"Tablier Vurcex"},"content":{"rendered":"<p>Tablier de haute qualit\u00e9 en mati\u00e8re r\u00e9sistante. Toile 100% coton de 340g\/m2. Coupe sous le genou, avec sangles en similicuir robuste. Boucles et rivets en m\u00e9tal. Comprend diff\u00e9rentes types de poches avec coutures renforc\u00e9es.<\/p>\n","protected":false},"excerpt":{"rendered":"<p>Tablier de haute qualit\u00e9 en mati\u00e8re r\u00e9sistante. Toile 100% coton de 340g\/m2. Coupe sous le genou, avec sangles en similicuir robuste. Boucles et rivets en m\u00e9tal. Comprend diff\u00e9rentes types de&#8230;<\/p>\n","protected":false},"featured_media":23090,"template":"","meta":[],"product_cat":[338],"product_tag":[],"class_list":{"0":"post-23091","1":"product","2":"type-product","3":"status-publish","4":"has-post-thumbnail","6":"product_cat-voyage-bagagerie","8":"first","9":"instock","10":"shipping-taxable","11":"purchasable","12":"product-type-simple"},"_links":{"self":[{"href":"https:\/\/www.hapy-com.fr\/echoppe\/wp-json\/wp\/v2\/product\/23091","targetHints":{"allow":["GET"]}}],"collection":[{"href":"https:\/\/www.hapy-com.fr\/echoppe\/wp-json\/wp\/v2\/product"}],"about":[{"href":"https:\/\/www.hapy-com.fr\/echoppe\/wp-json\/wp\/v2\/types\/product"}],"wp:featuredmedia":[{"embeddable":true,"href":"https:\/\/www.hapy-com.fr\/echoppe\/wp-json\/wp\/v2\/media\/23090"}],"wp:attachment":[{"href":"https:\/\/www.hapy-com.fr\/echoppe\/wp-json\/wp\/v2\/media?parent=23091"}],"wp:term":[{"taxonomy":"product_cat","embeddable":true,"href":"https:\/\/www.hapy-com.fr\/echoppe\/wp-json\/wp\/v2\/product_cat?post=23091"},{"taxonomy":"product_tag","embeddable":true,"href":"https:\/\/www.hapy-com.fr\/echoppe\/wp-json\/wp\/v2\/product_tag?post=23091"}],"curies":[{"name":"wp","href":"https:\/\/api.w.org\/{rel}","templated":true}]}}