{"id":23094,"date":"2022-06-24T13:57:24","date_gmt":"2022-06-24T11:57:24","guid":{"rendered":"http:\/\/www.hapy-com.fr\/echoppe\/product\/sac-a-dos-flicken\/"},"modified":"2022-06-24T13:57:24","modified_gmt":"2022-06-24T11:57:24","slug":"sac-a-dos-flicken","status":"publish","type":"product","link":"https:\/\/www.hapy-com.fr\/echoppe\/product\/sac-a-dos-flicken\/","title":{"rendered":"Sac \u00e0 Dos Flicken"},"content":{"rendered":"<p>Sac \u00e0 dos 210D souple et li\u00e8ge naturel. Avec poche avant \u00e0 fermeture \u00e9clair et sangle en li\u00e8ge. Cordes noires \u00e0 fermeture automatique, fermeture \u00e9clair assortie et coins renforc\u00e9s.<\/p>\n","protected":false},"excerpt":{"rendered":"<p>Sac \u00e0 dos 210D souple et li\u00e8ge naturel. Avec poche avant \u00e0 fermeture \u00e9clair et sangle en li\u00e8ge. Cordes noires \u00e0 fermeture automatique, fermeture \u00e9clair assortie et coins renforc\u00e9s.<\/p>\n","protected":false},"featured_media":23092,"template":"","meta":[],"product_cat":[338],"product_tag":[],"class_list":{"0":"post-23094","1":"product","2":"type-product","3":"status-publish","4":"has-post-thumbnail","6":"product_cat-voyage-bagagerie","8":"first","9":"instock","10":"shipping-taxable","11":"purchasable","12":"product-type-simple"},"_links":{"self":[{"href":"https:\/\/www.hapy-com.fr\/echoppe\/wp-json\/wp\/v2\/product\/23094","targetHints":{"allow":["GET"]}}],"collection":[{"href":"https:\/\/www.hapy-com.fr\/echoppe\/wp-json\/wp\/v2\/product"}],"about":[{"href":"https:\/\/www.hapy-com.fr\/echoppe\/wp-json\/wp\/v2\/types\/product"}],"wp:featuredmedia":[{"embeddable":true,"href":"https:\/\/www.hapy-com.fr\/echoppe\/wp-json\/wp\/v2\/media\/23092"}],"wp:attachment":[{"href":"https:\/\/www.hapy-com.fr\/echoppe\/wp-json\/wp\/v2\/media?parent=23094"}],"wp:term":[{"taxonomy":"product_cat","embeddable":true,"href":"https:\/\/www.hapy-com.fr\/echoppe\/wp-json\/wp\/v2\/product_cat?post=23094"},{"taxonomy":"product_tag","embeddable":true,"href":"https:\/\/www.hapy-com.fr\/echoppe\/wp-json\/wp\/v2\/product_tag?post=23094"}],"curies":[{"name":"wp","href":"https:\/\/api.w.org\/{rel}","templated":true}]}}