{"id":23097,"date":"2022-06-24T13:57:28","date_gmt":"2022-06-24T11:57:28","guid":{"rendered":"http:\/\/www.hapy-com.fr\/echoppe\/product\/sac-a-dos-chargeur-rasmux\/"},"modified":"2022-06-24T13:57:28","modified_gmt":"2022-06-24T11:57:28","slug":"sac-a-dos-chargeur-rasmux","status":"publish","type":"product","link":"https:\/\/www.hapy-com.fr\/echoppe\/product\/sac-a-dos-chargeur-rasmux\/","title":{"rendered":"Sac \u00e0 Dos Chargeur Rasmux"},"content":{"rendered":"<p>Sac \u00e0 dos complet avec panneau solaire de 6,5 W, capable de fournir un cycle de charge complet \u00e0 la plupart des nouveaux mod\u00e8les de smartphones et tablettes. Fait de mat\u00e9riau ripstop durable. Sortie casque, avec poche int\u00e9rieure rembourr\u00e9e pour ordinateur portable jusqu \u00e0 15 pouces et sortie USB pour la charge de l appareil (c\u00e2ble inclus). Avec une multitude de poches, dos avec rembourrage ergonomique et bretelles r\u00e9glables et rembourr\u00e9es. Bande d ajustement de coffre et bandes r\u00e9fl\u00e9chissantes pratiques<\/p>\n","protected":false},"excerpt":{"rendered":"<p>Sac \u00e0 dos complet avec panneau solaire de 6,5 W, capable de fournir un cycle de charge complet \u00e0 la plupart des nouveaux mod\u00e8les de smartphones et tablettes. Fait de&#8230;<\/p>\n","protected":false},"featured_media":23095,"template":"","meta":[],"product_cat":[338],"product_tag":[],"class_list":{"0":"post-23097","1":"product","2":"type-product","3":"status-publish","4":"has-post-thumbnail","6":"product_cat-voyage-bagagerie","8":"first","9":"instock","10":"shipping-taxable","11":"purchasable","12":"product-type-simple"},"_links":{"self":[{"href":"https:\/\/www.hapy-com.fr\/echoppe\/wp-json\/wp\/v2\/product\/23097","targetHints":{"allow":["GET"]}}],"collection":[{"href":"https:\/\/www.hapy-com.fr\/echoppe\/wp-json\/wp\/v2\/product"}],"about":[{"href":"https:\/\/www.hapy-com.fr\/echoppe\/wp-json\/wp\/v2\/types\/product"}],"wp:featuredmedia":[{"embeddable":true,"href":"https:\/\/www.hapy-com.fr\/echoppe\/wp-json\/wp\/v2\/media\/23095"}],"wp:attachment":[{"href":"https:\/\/www.hapy-com.fr\/echoppe\/wp-json\/wp\/v2\/media?parent=23097"}],"wp:term":[{"taxonomy":"product_cat","embeddable":true,"href":"https:\/\/www.hapy-com.fr\/echoppe\/wp-json\/wp\/v2\/product_cat?post=23097"},{"taxonomy":"product_tag","embeddable":true,"href":"https:\/\/www.hapy-com.fr\/echoppe\/wp-json\/wp\/v2\/product_tag?post=23097"}],"curies":[{"name":"wp","href":"https:\/\/api.w.org\/{rel}","templated":true}]}}