{"id":23115,"date":"2022-06-24T13:57:43","date_gmt":"2022-06-24T11:57:43","guid":{"rendered":"http:\/\/www.hapy-com.fr\/echoppe\/product\/sac-a-dos-galpox-5\/"},"modified":"2022-06-24T13:57:43","modified_gmt":"2022-06-24T11:57:43","slug":"sac-a-dos-galpox-5","status":"publish","type":"product","link":"https:\/\/www.hapy-com.fr\/echoppe\/product\/sac-a-dos-galpox-5\/","title":{"rendered":"Sac \u00e0 Dos Galpox"},"content":{"rendered":"<p>Sac \u00e0 usages multiples en polyester 600D r\u00e9sistant avec un design bicolore. Compartiment principal avec fermeture, accessoire de r\u00e9glage, poign\u00e9es robustes en nylon et poche lat\u00e9rale \u00e0 glissi\u00e8re.<\/p>\n","protected":false},"excerpt":{"rendered":"<p>Sac \u00e0 usages multiples en polyester 600D r\u00e9sistant avec un design bicolore. Compartiment principal avec fermeture, accessoire de r\u00e9glage, poign\u00e9es robustes en nylon et poche lat\u00e9rale \u00e0 glissi\u00e8re.<\/p>\n","protected":false},"featured_media":23114,"template":"","meta":[],"product_cat":[338],"product_tag":[],"class_list":{"0":"post-23115","1":"product","2":"type-product","3":"status-publish","4":"has-post-thumbnail","6":"product_cat-voyage-bagagerie","8":"first","9":"instock","10":"shipping-taxable","11":"purchasable","12":"product-type-simple"},"_links":{"self":[{"href":"https:\/\/www.hapy-com.fr\/echoppe\/wp-json\/wp\/v2\/product\/23115","targetHints":{"allow":["GET"]}}],"collection":[{"href":"https:\/\/www.hapy-com.fr\/echoppe\/wp-json\/wp\/v2\/product"}],"about":[{"href":"https:\/\/www.hapy-com.fr\/echoppe\/wp-json\/wp\/v2\/types\/product"}],"wp:featuredmedia":[{"embeddable":true,"href":"https:\/\/www.hapy-com.fr\/echoppe\/wp-json\/wp\/v2\/media\/23114"}],"wp:attachment":[{"href":"https:\/\/www.hapy-com.fr\/echoppe\/wp-json\/wp\/v2\/media?parent=23115"}],"wp:term":[{"taxonomy":"product_cat","embeddable":true,"href":"https:\/\/www.hapy-com.fr\/echoppe\/wp-json\/wp\/v2\/product_cat?post=23115"},{"taxonomy":"product_tag","embeddable":true,"href":"https:\/\/www.hapy-com.fr\/echoppe\/wp-json\/wp\/v2\/product_tag?post=23115"}],"curies":[{"name":"wp","href":"https:\/\/api.w.org\/{rel}","templated":true}]}}