{"id":23127,"date":"2022-06-24T13:57:54","date_gmt":"2022-06-24T11:57:54","guid":{"rendered":"http:\/\/www.hapy-com.fr\/echoppe\/product\/sac-a-dos-pliable-mendy-4\/"},"modified":"2022-06-24T13:57:54","modified_gmt":"2022-06-24T11:57:54","slug":"sac-a-dos-pliable-mendy-4","status":"publish","type":"product","link":"https:\/\/www.hapy-com.fr\/echoppe\/product\/sac-a-dos-pliable-mendy-4\/","title":{"rendered":"Sac \u00e0 Dos Pliable Mendy"},"content":{"rendered":"<p>Sac \u00e0 dos pliable en mati\u00e8re ripstop (tissu polyester r\u00e9alis\u00e9 en maillage pour une plus grande robustesse). Disponible en plusieurs coloris. 2 compartiments ind\u00e9pendants avec fermetures \u00e9clair. Bretelles r\u00e9glables. 2 poches ext\u00e9rieures filet. Dimensions pli\u00e9es : 20 x 16 x 2,5 cm. R\u00e9sistance env. 7 kg<\/p>\n","protected":false},"excerpt":{"rendered":"<p>Sac \u00e0 dos pliable en mati\u00e8re ripstop (tissu polyester r\u00e9alis\u00e9 en maillage pour une plus grande robustesse). Disponible en plusieurs coloris. 2 compartiments ind\u00e9pendants avec fermetures \u00e9clair. Bretelles r\u00e9glables. 2&#8230;<\/p>\n","protected":false},"featured_media":23126,"template":"","meta":[],"product_cat":[338],"product_tag":[],"class_list":{"0":"post-23127","1":"product","2":"type-product","3":"status-publish","4":"has-post-thumbnail","6":"product_cat-voyage-bagagerie","8":"first","9":"instock","10":"shipping-taxable","11":"purchasable","12":"product-type-simple"},"_links":{"self":[{"href":"https:\/\/www.hapy-com.fr\/echoppe\/wp-json\/wp\/v2\/product\/23127","targetHints":{"allow":["GET"]}}],"collection":[{"href":"https:\/\/www.hapy-com.fr\/echoppe\/wp-json\/wp\/v2\/product"}],"about":[{"href":"https:\/\/www.hapy-com.fr\/echoppe\/wp-json\/wp\/v2\/types\/product"}],"wp:featuredmedia":[{"embeddable":true,"href":"https:\/\/www.hapy-com.fr\/echoppe\/wp-json\/wp\/v2\/media\/23126"}],"wp:attachment":[{"href":"https:\/\/www.hapy-com.fr\/echoppe\/wp-json\/wp\/v2\/media?parent=23127"}],"wp:term":[{"taxonomy":"product_cat","embeddable":true,"href":"https:\/\/www.hapy-com.fr\/echoppe\/wp-json\/wp\/v2\/product_cat?post=23127"},{"taxonomy":"product_tag","embeddable":true,"href":"https:\/\/www.hapy-com.fr\/echoppe\/wp-json\/wp\/v2\/product_tag?post=23127"}],"curies":[{"name":"wp","href":"https:\/\/api.w.org\/{rel}","templated":true}]}}