{"id":23140,"date":"2022-06-24T13:58:05","date_gmt":"2022-06-24T11:58:05","guid":{"rendered":"http:\/\/www.hapy-com.fr\/echoppe\/product\/sac-a-dos-antivol-komplete-5\/"},"modified":"2022-06-24T13:58:05","modified_gmt":"2022-06-24T11:58:05","slug":"sac-a-dos-antivol-komplete-5","status":"publish","type":"product","link":"https:\/\/www.hapy-com.fr\/echoppe\/product\/sac-a-dos-antivol-komplete-5\/","title":{"rendered":"Sac \u00e0 Dos Antivol Komplete"},"content":{"rendered":"<p>Sac \u00e0 dos antivol en polyester durable 300D. Avec poche antivol sur le dos pour stocker des objets de valeur. Compartiment int\u00e9rieur avec sortie USB pour la connexion powerbank -non inclus.. Inclut le micro c\u00e2ble USB pour une commodit\u00e9 totale dans le chargement de n importe quel appareil mobile. Poche lat\u00e9rale avec protection RFID et compartiments int\u00e9rieurs rembourr\u00e9s pour tablettes jusqu \u00e0 10 pouces et ordinateurs portables jusqu \u00e0 15 pouces. Tape pour fixer au chariot et disponible dans une large gamme de couleurs, avec une multitude de poches int\u00e9rieures et ext\u00e9rieures. Sangles d \u00e9paule et de dos r\u00e9glables avec rembourrage.<\/p>\n","protected":false},"excerpt":{"rendered":"<p>Sac \u00e0 dos antivol en polyester durable 300D. Avec poche antivol sur le dos pour stocker des objets de valeur. Compartiment int\u00e9rieur avec sortie USB pour la connexion powerbank -non&#8230;<\/p>\n","protected":false},"featured_media":23139,"template":"","meta":[],"product_cat":[338],"product_tag":[],"class_list":{"0":"post-23140","1":"product","2":"type-product","3":"status-publish","4":"has-post-thumbnail","6":"product_cat-voyage-bagagerie","8":"first","9":"instock","10":"shipping-taxable","11":"purchasable","12":"product-type-simple"},"_links":{"self":[{"href":"https:\/\/www.hapy-com.fr\/echoppe\/wp-json\/wp\/v2\/product\/23140","targetHints":{"allow":["GET"]}}],"collection":[{"href":"https:\/\/www.hapy-com.fr\/echoppe\/wp-json\/wp\/v2\/product"}],"about":[{"href":"https:\/\/www.hapy-com.fr\/echoppe\/wp-json\/wp\/v2\/types\/product"}],"wp:featuredmedia":[{"embeddable":true,"href":"https:\/\/www.hapy-com.fr\/echoppe\/wp-json\/wp\/v2\/media\/23139"}],"wp:attachment":[{"href":"https:\/\/www.hapy-com.fr\/echoppe\/wp-json\/wp\/v2\/media?parent=23140"}],"wp:term":[{"taxonomy":"product_cat","embeddable":true,"href":"https:\/\/www.hapy-com.fr\/echoppe\/wp-json\/wp\/v2\/product_cat?post=23140"},{"taxonomy":"product_tag","embeddable":true,"href":"https:\/\/www.hapy-com.fr\/echoppe\/wp-json\/wp\/v2\/product_tag?post=23140"}],"curies":[{"name":"wp","href":"https:\/\/api.w.org\/{rel}","templated":true}]}}