{"id":23146,"date":"2022-06-24T13:58:11","date_gmt":"2022-06-24T11:58:11","guid":{"rendered":"http:\/\/www.hapy-com.fr\/echoppe\/product\/sac-a-dos-dons\/"},"modified":"2022-06-24T13:58:11","modified_gmt":"2022-06-24T11:58:11","slug":"sac-a-dos-dons","status":"publish","type":"product","link":"https:\/\/www.hapy-com.fr\/echoppe\/product\/sac-a-dos-dons\/","title":{"rendered":"Sac \u00e0 Dos Dons"},"content":{"rendered":"<p>Sac \u00e0 dos innovant en papier lamin\u00e9 ultra-r\u00e9sistant de 130 g\/m2, r\u00e9sistant aux \u00e9claboussures. Avec fermeture \u00e0 glissi\u00e8re, poche avant et poche lat\u00e9rale de grande capacit\u00e9. Poign\u00e9e et accessoires noirs, avec bretelles rembourr\u00e9es r\u00e9glables.<\/p>\n","protected":false},"excerpt":{"rendered":"<p>Sac \u00e0 dos innovant en papier lamin\u00e9 ultra-r\u00e9sistant de 130 g\/m2, r\u00e9sistant aux \u00e9claboussures. Avec fermeture \u00e0 glissi\u00e8re, poche avant et poche lat\u00e9rale de grande capacit\u00e9. Poign\u00e9e et accessoires noirs,&#8230;<\/p>\n","protected":false},"featured_media":23144,"template":"","meta":[],"product_cat":[338],"product_tag":[],"class_list":{"0":"post-23146","1":"product","2":"type-product","3":"status-publish","4":"has-post-thumbnail","6":"product_cat-voyage-bagagerie","8":"first","9":"instock","10":"shipping-taxable","11":"purchasable","12":"product-type-simple"},"_links":{"self":[{"href":"https:\/\/www.hapy-com.fr\/echoppe\/wp-json\/wp\/v2\/product\/23146","targetHints":{"allow":["GET"]}}],"collection":[{"href":"https:\/\/www.hapy-com.fr\/echoppe\/wp-json\/wp\/v2\/product"}],"about":[{"href":"https:\/\/www.hapy-com.fr\/echoppe\/wp-json\/wp\/v2\/types\/product"}],"wp:featuredmedia":[{"embeddable":true,"href":"https:\/\/www.hapy-com.fr\/echoppe\/wp-json\/wp\/v2\/media\/23144"}],"wp:attachment":[{"href":"https:\/\/www.hapy-com.fr\/echoppe\/wp-json\/wp\/v2\/media?parent=23146"}],"wp:term":[{"taxonomy":"product_cat","embeddable":true,"href":"https:\/\/www.hapy-com.fr\/echoppe\/wp-json\/wp\/v2\/product_cat?post=23146"},{"taxonomy":"product_tag","embeddable":true,"href":"https:\/\/www.hapy-com.fr\/echoppe\/wp-json\/wp\/v2\/product_tag?post=23146"}],"curies":[{"name":"wp","href":"https:\/\/api.w.org\/{rel}","templated":true}]}}