{"id":23155,"date":"2022-06-24T13:58:18","date_gmt":"2022-06-24T11:58:18","guid":{"rendered":"http:\/\/www.hapy-com.fr\/echoppe\/product\/banane-mendel-4\/"},"modified":"2022-06-24T13:58:18","modified_gmt":"2022-06-24T11:58:18","slug":"banane-mendel-4","status":"publish","type":"product","link":"https:\/\/www.hapy-com.fr\/echoppe\/product\/banane-mendel-4\/","title":{"rendered":"Banane Mendel"},"content":{"rendered":"<p>Sac Banane en mat\u00e9riau ripstop r\u00e9sistant. 2 poches \u00e0 fermeture zipp\u00e9 avec une ouverture pratique. Ceinture r\u00e9glable en nylon avec fermeture clip. Con\u00e7u pour les sports et les loisirs.<\/p>\n","protected":false},"excerpt":{"rendered":"<p>Sac Banane en mat\u00e9riau ripstop r\u00e9sistant. 2 poches \u00e0 fermeture zipp\u00e9 avec une ouverture pratique. Ceinture r\u00e9glable en nylon avec fermeture clip. Con\u00e7u pour les sports et les loisirs.<\/p>\n","protected":false},"featured_media":23154,"template":"","meta":[],"product_cat":[338],"product_tag":[],"class_list":{"0":"post-23155","1":"product","2":"type-product","3":"status-publish","4":"has-post-thumbnail","6":"product_cat-voyage-bagagerie","8":"first","9":"instock","10":"shipping-taxable","11":"purchasable","12":"product-type-simple"},"_links":{"self":[{"href":"https:\/\/www.hapy-com.fr\/echoppe\/wp-json\/wp\/v2\/product\/23155","targetHints":{"allow":["GET"]}}],"collection":[{"href":"https:\/\/www.hapy-com.fr\/echoppe\/wp-json\/wp\/v2\/product"}],"about":[{"href":"https:\/\/www.hapy-com.fr\/echoppe\/wp-json\/wp\/v2\/types\/product"}],"wp:featuredmedia":[{"embeddable":true,"href":"https:\/\/www.hapy-com.fr\/echoppe\/wp-json\/wp\/v2\/media\/23154"}],"wp:attachment":[{"href":"https:\/\/www.hapy-com.fr\/echoppe\/wp-json\/wp\/v2\/media?parent=23155"}],"wp:term":[{"taxonomy":"product_cat","embeddable":true,"href":"https:\/\/www.hapy-com.fr\/echoppe\/wp-json\/wp\/v2\/product_cat?post=23155"},{"taxonomy":"product_tag","embeddable":true,"href":"https:\/\/www.hapy-com.fr\/echoppe\/wp-json\/wp\/v2\/product_tag?post=23155"}],"curies":[{"name":"wp","href":"https:\/\/api.w.org\/{rel}","templated":true}]}}