{"id":23161,"date":"2022-06-24T13:58:24","date_gmt":"2022-06-24T11:58:24","guid":{"rendered":"http:\/\/www.hapy-com.fr\/echoppe\/product\/sac-a-dos-tibak\/"},"modified":"2022-06-24T13:58:24","modified_gmt":"2022-06-24T11:58:24","slug":"sac-a-dos-tibak","status":"publish","type":"product","link":"https:\/\/www.hapy-com.fr\/echoppe\/product\/sac-a-dos-tibak\/","title":{"rendered":"Sac \u00e0 Dos Tibak"},"content":{"rendered":"<p>Sac \u00e0 dos \u00e9co-friendly \u00e0 cordolette, 100% coton biologique 120g \/ m2, certifi\u00e9 GOTS. Cordelettes de serrage en coton. \u00c9tiquette label mati\u00e8re Coton organique pour v\u00e9hiculer une image \u00e9co-friendly. R\u00e9sistance env. jusqu\u00b4\u00e0 9 kg de poids. Capacit\u00e9 env. 7 L.<\/p>\n","protected":false},"excerpt":{"rendered":"<p>Sac \u00e0 dos \u00e9co-friendly \u00e0 cordolette, 100% coton biologique 120g \/ m2, certifi\u00e9 GOTS. Cordelettes de serrage en coton. \u00c9tiquette label mati\u00e8re Coton organique pour v\u00e9hiculer une image \u00e9co-friendly. R\u00e9sistance&#8230;<\/p>\n","protected":false},"featured_media":23159,"template":"","meta":[],"product_cat":[338],"product_tag":[],"class_list":{"0":"post-23161","1":"product","2":"type-product","3":"status-publish","4":"has-post-thumbnail","6":"product_cat-voyage-bagagerie","8":"first","9":"instock","10":"shipping-taxable","11":"purchasable","12":"product-type-simple"},"_links":{"self":[{"href":"https:\/\/www.hapy-com.fr\/echoppe\/wp-json\/wp\/v2\/product\/23161","targetHints":{"allow":["GET"]}}],"collection":[{"href":"https:\/\/www.hapy-com.fr\/echoppe\/wp-json\/wp\/v2\/product"}],"about":[{"href":"https:\/\/www.hapy-com.fr\/echoppe\/wp-json\/wp\/v2\/types\/product"}],"wp:featuredmedia":[{"embeddable":true,"href":"https:\/\/www.hapy-com.fr\/echoppe\/wp-json\/wp\/v2\/media\/23159"}],"wp:attachment":[{"href":"https:\/\/www.hapy-com.fr\/echoppe\/wp-json\/wp\/v2\/media?parent=23161"}],"wp:term":[{"taxonomy":"product_cat","embeddable":true,"href":"https:\/\/www.hapy-com.fr\/echoppe\/wp-json\/wp\/v2\/product_cat?post=23161"},{"taxonomy":"product_tag","embeddable":true,"href":"https:\/\/www.hapy-com.fr\/echoppe\/wp-json\/wp\/v2\/product_tag?post=23161"}],"curies":[{"name":"wp","href":"https:\/\/api.w.org\/{rel}","templated":true}]}}