{"id":23164,"date":"2022-06-24T13:58:27","date_gmt":"2022-06-24T11:58:27","guid":{"rendered":"http:\/\/www.hapy-com.fr\/echoppe\/product\/sac-a-dos-konim\/"},"modified":"2022-06-24T13:58:27","modified_gmt":"2022-06-24T11:58:27","slug":"sac-a-dos-konim","status":"publish","type":"product","link":"https:\/\/www.hapy-com.fr\/echoppe\/product\/sac-a-dos-konim\/","title":{"rendered":"Sac \u00e0 Dos Konim"},"content":{"rendered":"<p>Sac \u00e0 dos \u00e0 cordon en coton 100% recycl\u00e9 120 g\/m2. Cordons auto-fermants en coton et coins renforc\u00e9s. Label Recycl\u00e9 indiqu\u00e9 sur l\u00b4\u00e9tiquette lat\u00e9rale et disponible dans une large gamme de couleurs. R\u00e9sistance jusqu\u00b4\u00e0 un poids de 9 kg.<\/p>\n","protected":false},"excerpt":{"rendered":"<p>Sac \u00e0 dos \u00e0 cordon en coton 100% recycl\u00e9 120 g\/m2. Cordons auto-fermants en coton et coins renforc\u00e9s. Label Recycl\u00e9 indiqu\u00e9 sur l\u00b4\u00e9tiquette lat\u00e9rale et disponible dans une large gamme&#8230;<\/p>\n","protected":false},"featured_media":23162,"template":"","meta":[],"product_cat":[338],"product_tag":[],"class_list":{"0":"post-23164","1":"product","2":"type-product","3":"status-publish","4":"has-post-thumbnail","6":"product_cat-voyage-bagagerie","8":"first","9":"instock","10":"shipping-taxable","11":"purchasable","12":"product-type-simple"},"_links":{"self":[{"href":"https:\/\/www.hapy-com.fr\/echoppe\/wp-json\/wp\/v2\/product\/23164","targetHints":{"allow":["GET"]}}],"collection":[{"href":"https:\/\/www.hapy-com.fr\/echoppe\/wp-json\/wp\/v2\/product"}],"about":[{"href":"https:\/\/www.hapy-com.fr\/echoppe\/wp-json\/wp\/v2\/types\/product"}],"wp:featuredmedia":[{"embeddable":true,"href":"https:\/\/www.hapy-com.fr\/echoppe\/wp-json\/wp\/v2\/media\/23162"}],"wp:attachment":[{"href":"https:\/\/www.hapy-com.fr\/echoppe\/wp-json\/wp\/v2\/media?parent=23164"}],"wp:term":[{"taxonomy":"product_cat","embeddable":true,"href":"https:\/\/www.hapy-com.fr\/echoppe\/wp-json\/wp\/v2\/product_cat?post=23164"},{"taxonomy":"product_tag","embeddable":true,"href":"https:\/\/www.hapy-com.fr\/echoppe\/wp-json\/wp\/v2\/product_tag?post=23164"}],"curies":[{"name":"wp","href":"https:\/\/api.w.org\/{rel}","templated":true}]}}