{"id":23175,"date":"2022-06-24T13:58:37","date_gmt":"2022-06-24T11:58:37","guid":{"rendered":"http:\/\/www.hapy-com.fr\/echoppe\/product\/sac-a-dos-susdal-2\/"},"modified":"2022-06-24T13:58:37","modified_gmt":"2022-06-24T11:58:37","slug":"sac-a-dos-susdal-2","status":"publish","type":"product","link":"https:\/\/www.hapy-com.fr\/echoppe\/product\/sac-a-dos-susdal-2\/","title":{"rendered":"Sac \u00e0 Dos Susdal"},"content":{"rendered":"<p>Sac \u00e0 dos de loisirs pour enfants en polyester 600D r\u00e9sistant, dans une large gamme de couleurs vives. Avec fermeture \u00e0 glissi\u00e8re \u00e0 double tirette et poche avant. Poign\u00e9e et accessoires de couleur noire. Dos et bretelles rembourr\u00e9s et r\u00e9glables.<\/p>\n","protected":false},"excerpt":{"rendered":"<p>Sac \u00e0 dos de loisirs pour enfants en polyester 600D r\u00e9sistant, dans une large gamme de couleurs vives. Avec fermeture \u00e0 glissi\u00e8re \u00e0 double tirette et poche avant. Poign\u00e9e et&#8230;<\/p>\n","protected":false},"featured_media":23174,"template":"","meta":[],"product_cat":[338],"product_tag":[],"class_list":{"0":"post-23175","1":"product","2":"type-product","3":"status-publish","4":"has-post-thumbnail","6":"product_cat-voyage-bagagerie","8":"first","9":"instock","10":"shipping-taxable","11":"purchasable","12":"product-type-simple"},"_links":{"self":[{"href":"https:\/\/www.hapy-com.fr\/echoppe\/wp-json\/wp\/v2\/product\/23175","targetHints":{"allow":["GET"]}}],"collection":[{"href":"https:\/\/www.hapy-com.fr\/echoppe\/wp-json\/wp\/v2\/product"}],"about":[{"href":"https:\/\/www.hapy-com.fr\/echoppe\/wp-json\/wp\/v2\/types\/product"}],"wp:featuredmedia":[{"embeddable":true,"href":"https:\/\/www.hapy-com.fr\/echoppe\/wp-json\/wp\/v2\/media\/23174"}],"wp:attachment":[{"href":"https:\/\/www.hapy-com.fr\/echoppe\/wp-json\/wp\/v2\/media?parent=23175"}],"wp:term":[{"taxonomy":"product_cat","embeddable":true,"href":"https:\/\/www.hapy-com.fr\/echoppe\/wp-json\/wp\/v2\/product_cat?post=23175"},{"taxonomy":"product_tag","embeddable":true,"href":"https:\/\/www.hapy-com.fr\/echoppe\/wp-json\/wp\/v2\/product_tag?post=23175"}],"curies":[{"name":"wp","href":"https:\/\/api.w.org\/{rel}","templated":true}]}}