{"id":23184,"date":"2022-06-24T13:58:45","date_gmt":"2022-06-24T11:58:45","guid":{"rendered":"http:\/\/www.hapy-com.fr\/echoppe\/product\/sac-kanit\/"},"modified":"2022-06-24T13:58:45","modified_gmt":"2022-06-24T11:58:45","slug":"sac-kanit","status":"publish","type":"product","link":"https:\/\/www.hapy-com.fr\/echoppe\/product\/sac-kanit\/","title":{"rendered":"Sac Kanit"},"content":{"rendered":"<p>Sac polyvalent en polyester 600D r\u00e9sistant avec finition denim. De style urbain, il comprend une poche anti RFID (Radio Frequency Identification) qui prot\u00e8ge vos dispositifs de transmission. Compartiment zipp\u00e9 s\u00e9par\u00e9 pour les chaussures et poche lat\u00e9rale zipp\u00e9e. Compartiment principal avec fermeture \u00e0 glissi\u00e8re double et poign\u00e9es pour le transport avec bouton pression. Bandouli\u00e8re renforc\u00e9 et r\u00e9glable.<\/p>\n","protected":false},"excerpt":{"rendered":"<p>Sac polyvalent en polyester 600D r\u00e9sistant avec finition denim. De style urbain, il comprend une poche anti RFID (Radio Frequency Identification) qui prot\u00e8ge vos dispositifs de transmission. Compartiment zipp\u00e9 s\u00e9par\u00e9&#8230;<\/p>\n","protected":false},"featured_media":23182,"template":"","meta":[],"product_cat":[338],"product_tag":[],"class_list":{"0":"post-23184","1":"product","2":"type-product","3":"status-publish","4":"has-post-thumbnail","6":"product_cat-voyage-bagagerie","8":"first","9":"instock","10":"shipping-taxable","11":"purchasable","12":"product-type-simple"},"_links":{"self":[{"href":"https:\/\/www.hapy-com.fr\/echoppe\/wp-json\/wp\/v2\/product\/23184","targetHints":{"allow":["GET"]}}],"collection":[{"href":"https:\/\/www.hapy-com.fr\/echoppe\/wp-json\/wp\/v2\/product"}],"about":[{"href":"https:\/\/www.hapy-com.fr\/echoppe\/wp-json\/wp\/v2\/types\/product"}],"wp:featuredmedia":[{"embeddable":true,"href":"https:\/\/www.hapy-com.fr\/echoppe\/wp-json\/wp\/v2\/media\/23182"}],"wp:attachment":[{"href":"https:\/\/www.hapy-com.fr\/echoppe\/wp-json\/wp\/v2\/media?parent=23184"}],"wp:term":[{"taxonomy":"product_cat","embeddable":true,"href":"https:\/\/www.hapy-com.fr\/echoppe\/wp-json\/wp\/v2\/product_cat?post=23184"},{"taxonomy":"product_tag","embeddable":true,"href":"https:\/\/www.hapy-com.fr\/echoppe\/wp-json\/wp\/v2\/product_tag?post=23184"}],"curies":[{"name":"wp","href":"https:\/\/api.w.org\/{rel}","templated":true}]}}