{"id":23187,"date":"2022-06-24T13:58:48","date_gmt":"2022-06-24T11:58:48","guid":{"rendered":"http:\/\/www.hapy-com.fr\/echoppe\/product\/sac-a-dos-sandal\/"},"modified":"2022-06-24T13:58:48","modified_gmt":"2022-06-24T11:58:48","slug":"sac-a-dos-sandal","status":"publish","type":"product","link":"https:\/\/www.hapy-com.fr\/echoppe\/product\/sac-a-dos-sandal\/","title":{"rendered":"Sac \u00e0 Dos Sandal"},"content":{"rendered":"<p>Sac \u00e0 dos cordelette en Tyvek\u00ae, mati\u00e8re agr\u00e9able au toucher et leg\u00e8re, 100% recyclable et fabriqu\u00e9 \u00e0 partir de fibres de poly\u00e9thyl\u00e8ne, tr\u00e8s r\u00e9sitant, sa flexibilit\u00e9, durable et d\u00b4impression facile. Fermeture cordelette noire et les coins renforc\u00e9s. Etiquette sur le cot\u00e9 \u00e0 l\u00b4ext\u00e9rieur avec le logo Tyvek\u00ae.<\/p>\n","protected":false},"excerpt":{"rendered":"<p>Sac \u00e0 dos cordelette en Tyvek\u00ae, mati\u00e8re agr\u00e9able au toucher et leg\u00e8re, 100% recyclable et fabriqu\u00e9 \u00e0 partir de fibres de poly\u00e9thyl\u00e8ne, tr\u00e8s r\u00e9sitant, sa flexibilit\u00e9, durable et d\u00b4impression facile&#8230;.<\/p>\n","protected":false},"featured_media":23185,"template":"","meta":[],"product_cat":[338],"product_tag":[],"class_list":{"0":"post-23187","1":"product","2":"type-product","3":"status-publish","4":"has-post-thumbnail","6":"product_cat-voyage-bagagerie","8":"first","9":"instock","10":"shipping-taxable","11":"purchasable","12":"product-type-simple"},"_links":{"self":[{"href":"https:\/\/www.hapy-com.fr\/echoppe\/wp-json\/wp\/v2\/product\/23187","targetHints":{"allow":["GET"]}}],"collection":[{"href":"https:\/\/www.hapy-com.fr\/echoppe\/wp-json\/wp\/v2\/product"}],"about":[{"href":"https:\/\/www.hapy-com.fr\/echoppe\/wp-json\/wp\/v2\/types\/product"}],"wp:featuredmedia":[{"embeddable":true,"href":"https:\/\/www.hapy-com.fr\/echoppe\/wp-json\/wp\/v2\/media\/23185"}],"wp:attachment":[{"href":"https:\/\/www.hapy-com.fr\/echoppe\/wp-json\/wp\/v2\/media?parent=23187"}],"wp:term":[{"taxonomy":"product_cat","embeddable":true,"href":"https:\/\/www.hapy-com.fr\/echoppe\/wp-json\/wp\/v2\/product_cat?post=23187"},{"taxonomy":"product_tag","embeddable":true,"href":"https:\/\/www.hapy-com.fr\/echoppe\/wp-json\/wp\/v2\/product_tag?post=23187"}],"curies":[{"name":"wp","href":"https:\/\/api.w.org\/{rel}","templated":true}]}}