{"id":23196,"date":"2022-06-24T13:58:56","date_gmt":"2022-06-24T11:58:56","guid":{"rendered":"http:\/\/www.hapy-com.fr\/echoppe\/product\/sac-a-dos-lambur-4\/"},"modified":"2022-06-24T13:58:56","modified_gmt":"2022-06-24T11:58:56","slug":"sac-a-dos-lambur-4","status":"publish","type":"product","link":"https:\/\/www.hapy-com.fr\/echoppe\/product\/sac-a-dos-lambur-4\/","title":{"rendered":"Sac \u00e0 Dos Lambur"},"content":{"rendered":"<p>Sac \u00e0 dos RPET (PET recycl\u00e9) \u00e0 cordelette polyester, obtenu \u00e0 partir de mati\u00e8res plastiques recycl\u00e9es, pour encourager la r\u00e9utilisation des d\u00e9chets de plastique et contribuer \u00e0 la durabilit\u00e9 de notre plan\u00e8te. Cordelettes r\u00e9glables, aux coins renforc\u00e9s et \u0153illets m\u00e9talliques  \u00d8 1,2 cm. \u00c9tiquette label mati\u00e8re RPET pour v\u00e9hiculer une image \u00e9co-friendly et disponible dans une large gamme de couleurs (le coloris blanc est sp\u00e9cialement fabriqu\u00e9 pour l\u00b4impression par sublimation).  R\u00e9sistance env. 7 Kg.<\/p>\n","protected":false},"excerpt":{"rendered":"<p>Sac \u00e0 dos RPET (PET recycl\u00e9) \u00e0 cordelette polyester, obtenu \u00e0 partir de mati\u00e8res plastiques recycl\u00e9es, pour encourager la r\u00e9utilisation des d\u00e9chets de plastique et contribuer \u00e0 la durabilit\u00e9 de&#8230;<\/p>\n","protected":false},"featured_media":23195,"template":"","meta":[],"product_cat":[338],"product_tag":[],"class_list":{"0":"post-23196","1":"product","2":"type-product","3":"status-publish","4":"has-post-thumbnail","6":"product_cat-voyage-bagagerie","8":"first","9":"instock","10":"shipping-taxable","11":"purchasable","12":"product-type-simple"},"_links":{"self":[{"href":"https:\/\/www.hapy-com.fr\/echoppe\/wp-json\/wp\/v2\/product\/23196","targetHints":{"allow":["GET"]}}],"collection":[{"href":"https:\/\/www.hapy-com.fr\/echoppe\/wp-json\/wp\/v2\/product"}],"about":[{"href":"https:\/\/www.hapy-com.fr\/echoppe\/wp-json\/wp\/v2\/types\/product"}],"wp:featuredmedia":[{"embeddable":true,"href":"https:\/\/www.hapy-com.fr\/echoppe\/wp-json\/wp\/v2\/media\/23195"}],"wp:attachment":[{"href":"https:\/\/www.hapy-com.fr\/echoppe\/wp-json\/wp\/v2\/media?parent=23196"}],"wp:term":[{"taxonomy":"product_cat","embeddable":true,"href":"https:\/\/www.hapy-com.fr\/echoppe\/wp-json\/wp\/v2\/product_cat?post=23196"},{"taxonomy":"product_tag","embeddable":true,"href":"https:\/\/www.hapy-com.fr\/echoppe\/wp-json\/wp\/v2\/product_tag?post=23196"}],"curies":[{"name":"wp","href":"https:\/\/api.w.org\/{rel}","templated":true}]}}