{"id":23201,"date":"2022-06-24T13:59:00","date_gmt":"2022-06-24T11:59:00","guid":{"rendered":"http:\/\/www.hapy-com.fr\/echoppe\/product\/sac-a-dos-sublimation-lizcom\/"},"modified":"2022-06-24T13:59:00","modified_gmt":"2022-06-24T11:59:00","slug":"sac-a-dos-sublimation-lizcom","status":"publish","type":"product","link":"https:\/\/www.hapy-com.fr\/echoppe\/product\/sac-a-dos-sublimation-lizcom\/","title":{"rendered":"Sac \u00e0 Dos Sublimation Lizcom"},"content":{"rendered":"<p>Sac \u00e0 dos \u00e0 cordelette en polyester  150 g\/ m2 r\u00e9sistant au toucher doux,  couleur, inspiration \u00e9co, naturelle, sp\u00e9cialement con\u00e7u pour l\u00b4impression par sublimation. Avec cordelettes de serrage de couleur naturelle et coins renforc\u00e9s. R\u00e9sistance env. 8 Kg.<\/p>\n","protected":false},"excerpt":{"rendered":"<p>Sac \u00e0 dos \u00e0 cordelette en polyester 150 g\/ m2 r\u00e9sistant au toucher doux, couleur, inspiration \u00e9co, naturelle, sp\u00e9cialement con\u00e7u pour l\u00b4impression par sublimation. Avec cordelettes de serrage de couleur&#8230;<\/p>\n","protected":false},"featured_media":23199,"template":"","meta":[],"product_cat":[338],"product_tag":[],"class_list":{"0":"post-23201","1":"product","2":"type-product","3":"status-publish","4":"has-post-thumbnail","6":"product_cat-voyage-bagagerie","8":"first","9":"instock","10":"shipping-taxable","11":"purchasable","12":"product-type-simple"},"_links":{"self":[{"href":"https:\/\/www.hapy-com.fr\/echoppe\/wp-json\/wp\/v2\/product\/23201","targetHints":{"allow":["GET"]}}],"collection":[{"href":"https:\/\/www.hapy-com.fr\/echoppe\/wp-json\/wp\/v2\/product"}],"about":[{"href":"https:\/\/www.hapy-com.fr\/echoppe\/wp-json\/wp\/v2\/types\/product"}],"wp:featuredmedia":[{"embeddable":true,"href":"https:\/\/www.hapy-com.fr\/echoppe\/wp-json\/wp\/v2\/media\/23199"}],"wp:attachment":[{"href":"https:\/\/www.hapy-com.fr\/echoppe\/wp-json\/wp\/v2\/media?parent=23201"}],"wp:term":[{"taxonomy":"product_cat","embeddable":true,"href":"https:\/\/www.hapy-com.fr\/echoppe\/wp-json\/wp\/v2\/product_cat?post=23201"},{"taxonomy":"product_tag","embeddable":true,"href":"https:\/\/www.hapy-com.fr\/echoppe\/wp-json\/wp\/v2\/product_tag?post=23201"}],"curies":[{"name":"wp","href":"https:\/\/api.w.org\/{rel}","templated":true}]}}