{"id":23206,"date":"2022-06-24T13:59:05","date_gmt":"2022-06-24T11:59:05","guid":{"rendered":"http:\/\/www.hapy-com.fr\/echoppe\/product\/sac-a-dos-konor-2\/"},"modified":"2022-06-24T13:59:05","modified_gmt":"2022-06-24T11:59:05","slug":"sac-a-dos-konor-2","status":"publish","type":"product","link":"https:\/\/www.hapy-com.fr\/echoppe\/product\/sac-a-dos-konor-2\/","title":{"rendered":"Sac \u00e0 Dos Konor"},"content":{"rendered":"<p>Sac \u00e0 dos business en RPET 600D r\u00e9sistant, obtenu \u00e0 partir de mati\u00e8res plastiques recycl\u00e9es, pour encourager la r\u00e9utilisation des r\u00e9sidus de plastique et contribuer \u00e0 la durabilit\u00e9 de notre plan\u00e8te. Poche principale avec fermeture \u00e0 double zip et poche avant. Compartiment int\u00e9rieur avec poches rembourr\u00e9es pour tablette jusqu\u00b4\u00e0 10 pouces et ordinateur portable jusqu\u00b4\u00e0 15 pouces, y compris une connexion USB pour le chargement des appareils mobiles (c\u00e2ble inclus, batterie auxiliaire non incluse). Coins renforc\u00e9s et accessoires de couleur noire. Dos rembourr\u00e9 et bretelles r\u00e9glables rembourr\u00e9es. \u00c9tiquette label mati\u00e8re RPET pour v\u00e9hiculer une image \u00e9co-friendly.<\/p>\n","protected":false},"excerpt":{"rendered":"<p>Sac \u00e0 dos business en RPET 600D r\u00e9sistant, obtenu \u00e0 partir de mati\u00e8res plastiques recycl\u00e9es, pour encourager la r\u00e9utilisation des r\u00e9sidus de plastique et contribuer \u00e0 la durabilit\u00e9 de notre&#8230;<\/p>\n","protected":false},"featured_media":23205,"template":"","meta":[],"product_cat":[338],"product_tag":[],"class_list":{"0":"post-23206","1":"product","2":"type-product","3":"status-publish","4":"has-post-thumbnail","6":"product_cat-voyage-bagagerie","8":"first","9":"instock","10":"shipping-taxable","11":"purchasable","12":"product-type-simple"},"_links":{"self":[{"href":"https:\/\/www.hapy-com.fr\/echoppe\/wp-json\/wp\/v2\/product\/23206","targetHints":{"allow":["GET"]}}],"collection":[{"href":"https:\/\/www.hapy-com.fr\/echoppe\/wp-json\/wp\/v2\/product"}],"about":[{"href":"https:\/\/www.hapy-com.fr\/echoppe\/wp-json\/wp\/v2\/types\/product"}],"wp:featuredmedia":[{"embeddable":true,"href":"https:\/\/www.hapy-com.fr\/echoppe\/wp-json\/wp\/v2\/media\/23205"}],"wp:attachment":[{"href":"https:\/\/www.hapy-com.fr\/echoppe\/wp-json\/wp\/v2\/media?parent=23206"}],"wp:term":[{"taxonomy":"product_cat","embeddable":true,"href":"https:\/\/www.hapy-com.fr\/echoppe\/wp-json\/wp\/v2\/product_cat?post=23206"},{"taxonomy":"product_tag","embeddable":true,"href":"https:\/\/www.hapy-com.fr\/echoppe\/wp-json\/wp\/v2\/product_tag?post=23206"}],"curies":[{"name":"wp","href":"https:\/\/api.w.org\/{rel}","templated":true}]}}