{"id":23209,"date":"2022-06-24T13:59:07","date_gmt":"2022-06-24T11:59:07","guid":{"rendered":"http:\/\/www.hapy-com.fr\/echoppe\/product\/sac-a-dos-caldy\/"},"modified":"2022-06-24T13:59:07","modified_gmt":"2022-06-24T11:59:07","slug":"sac-a-dos-caldy","status":"publish","type":"product","link":"https:\/\/www.hapy-com.fr\/echoppe\/product\/sac-a-dos-caldy\/","title":{"rendered":"Sac \u00e0 Dos Caldy"},"content":{"rendered":"<p>Sac \u00e0 dos en RPET 430 g\/ m2 et polyester 600D r\u00e9sistant, fabriqu\u00e9 \u00e0 partir de plastique recycl\u00e9, pour encourager la r\u00e9utilisation des r\u00e9sidus de plastique et contribuer \u00e0 la durabilit\u00e9 de notre plan\u00e8te.Certifi\u00e9 GRS 4.0. Poche principale \u00e0 fermeture \u00e0 glissi\u00e8re et avec une poche avant et une petite poche filet sur le cot\u00e9, aux coins renforc\u00e9s et accessoires en noir. Bretelles rembourr\u00e9s r\u00e9glables. Capacit\u00e9 env. 9 l. R\u00e9sistance env. 12 kg. \u00c9tiquette label mati\u00e8re RPET pour v\u00e9hiculer une image \u00e9co-friendly.<\/p>\n","protected":false},"excerpt":{"rendered":"<p>Sac \u00e0 dos en RPET 430 g\/ m2 et polyester 600D r\u00e9sistant, fabriqu\u00e9 \u00e0 partir de plastique recycl\u00e9, pour encourager la r\u00e9utilisation des r\u00e9sidus de plastique et contribuer \u00e0 la&#8230;<\/p>\n","protected":false},"featured_media":23207,"template":"","meta":[],"product_cat":[338],"product_tag":[],"class_list":{"0":"post-23209","1":"product","2":"type-product","3":"status-publish","4":"has-post-thumbnail","6":"product_cat-voyage-bagagerie","8":"first","9":"instock","10":"shipping-taxable","11":"purchasable","12":"product-type-simple"},"_links":{"self":[{"href":"https:\/\/www.hapy-com.fr\/echoppe\/wp-json\/wp\/v2\/product\/23209","targetHints":{"allow":["GET"]}}],"collection":[{"href":"https:\/\/www.hapy-com.fr\/echoppe\/wp-json\/wp\/v2\/product"}],"about":[{"href":"https:\/\/www.hapy-com.fr\/echoppe\/wp-json\/wp\/v2\/types\/product"}],"wp:featuredmedia":[{"embeddable":true,"href":"https:\/\/www.hapy-com.fr\/echoppe\/wp-json\/wp\/v2\/media\/23207"}],"wp:attachment":[{"href":"https:\/\/www.hapy-com.fr\/echoppe\/wp-json\/wp\/v2\/media?parent=23209"}],"wp:term":[{"taxonomy":"product_cat","embeddable":true,"href":"https:\/\/www.hapy-com.fr\/echoppe\/wp-json\/wp\/v2\/product_cat?post=23209"},{"taxonomy":"product_tag","embeddable":true,"href":"https:\/\/www.hapy-com.fr\/echoppe\/wp-json\/wp\/v2\/product_tag?post=23209"}],"curies":[{"name":"wp","href":"https:\/\/api.w.org\/{rel}","templated":true}]}}