{"id":23214,"date":"2022-06-24T13:59:12","date_gmt":"2022-06-24T11:59:12","guid":{"rendered":"http:\/\/www.hapy-com.fr\/echoppe\/product\/sac-a-dos-mispat\/"},"modified":"2022-06-24T13:59:12","modified_gmt":"2022-06-24T11:59:12","slug":"sac-a-dos-mispat","status":"publish","type":"product","link":"https:\/\/www.hapy-com.fr\/echoppe\/product\/sac-a-dos-mispat\/","title":{"rendered":"Sac \u00e0 Dos Mispat"},"content":{"rendered":"<p>Sac \u00e0 dos d\u00b4affaires en polyester r\u00e9sistant 600D. Avec double poche \u00e0 fermeture \u00e9clair et poche avant. Compartiment int\u00e9rieur avec poches rembourr\u00e9es pour tablette jusqu\u00b4\u00e0 10 pouces et ordinateur portable jusqu\u00b4\u00e0 15 pouces, avec connexion USB pour le chargement des appareils mobiles (c\u00e2ble inclus, batterie auxiliaire non incluse). Poche lat\u00e9rale en filet, coins renforc\u00e9s et accessoires de couleur noire. Avec dos rembourr\u00e9 et bretelles r\u00e9glables &#038; rembourr\u00e9es.<\/p>\n","protected":false},"excerpt":{"rendered":"<p>Sac \u00e0 dos d\u00b4affaires en polyester r\u00e9sistant 600D. Avec double poche \u00e0 fermeture \u00e9clair et poche avant. Compartiment int\u00e9rieur avec poches rembourr\u00e9es pour tablette jusqu\u00b4\u00e0 10 pouces et ordinateur portable&#8230;<\/p>\n","protected":false},"featured_media":23212,"template":"","meta":[],"product_cat":[338],"product_tag":[],"class_list":{"0":"post-23214","1":"product","2":"type-product","3":"status-publish","4":"has-post-thumbnail","6":"product_cat-voyage-bagagerie","8":"first","9":"instock","10":"shipping-taxable","11":"purchasable","12":"product-type-simple"},"_links":{"self":[{"href":"https:\/\/www.hapy-com.fr\/echoppe\/wp-json\/wp\/v2\/product\/23214","targetHints":{"allow":["GET"]}}],"collection":[{"href":"https:\/\/www.hapy-com.fr\/echoppe\/wp-json\/wp\/v2\/product"}],"about":[{"href":"https:\/\/www.hapy-com.fr\/echoppe\/wp-json\/wp\/v2\/types\/product"}],"wp:featuredmedia":[{"embeddable":true,"href":"https:\/\/www.hapy-com.fr\/echoppe\/wp-json\/wp\/v2\/media\/23212"}],"wp:attachment":[{"href":"https:\/\/www.hapy-com.fr\/echoppe\/wp-json\/wp\/v2\/media?parent=23214"}],"wp:term":[{"taxonomy":"product_cat","embeddable":true,"href":"https:\/\/www.hapy-com.fr\/echoppe\/wp-json\/wp\/v2\/product_cat?post=23214"},{"taxonomy":"product_tag","embeddable":true,"href":"https:\/\/www.hapy-com.fr\/echoppe\/wp-json\/wp\/v2\/product_tag?post=23214"}],"curies":[{"name":"wp","href":"https:\/\/api.w.org\/{rel}","templated":true}]}}