{"id":23228,"date":"2022-06-24T13:59:22","date_gmt":"2022-06-24T11:59:22","guid":{"rendered":"http:\/\/www.hapy-com.fr\/echoppe\/product\/sac-a-dos-nabar-2\/"},"modified":"2022-06-24T13:59:22","modified_gmt":"2022-06-24T11:59:22","slug":"sac-a-dos-nabar-2","status":"publish","type":"product","link":"https:\/\/www.hapy-com.fr\/echoppe\/product\/sac-a-dos-nabar-2\/","title":{"rendered":"Sac \u00e0 Dos Nabar"},"content":{"rendered":"<p>Sac \u00e0 dos cordelette en polyester souple 210D, au design bicolore. Poche avant en filet avec fermeture \u00e0 glissi\u00e8re de couleur blanche. Fermeture automatique, cordons de couleur blanche et coins renforc\u00e9s. Disponible dans une large gamme de couleurs.<\/p>\n","protected":false},"excerpt":{"rendered":"<p>Sac \u00e0 dos cordelette en polyester souple 210D, au design bicolore. Poche avant en filet avec fermeture \u00e0 glissi\u00e8re de couleur blanche. Fermeture automatique, cordons de couleur blanche et coins&#8230;<\/p>\n","protected":false},"featured_media":23227,"template":"","meta":[],"product_cat":[338],"product_tag":[],"class_list":{"0":"post-23228","1":"product","2":"type-product","3":"status-publish","4":"has-post-thumbnail","6":"product_cat-voyage-bagagerie","8":"first","9":"instock","10":"shipping-taxable","11":"purchasable","12":"product-type-simple"},"_links":{"self":[{"href":"https:\/\/www.hapy-com.fr\/echoppe\/wp-json\/wp\/v2\/product\/23228","targetHints":{"allow":["GET"]}}],"collection":[{"href":"https:\/\/www.hapy-com.fr\/echoppe\/wp-json\/wp\/v2\/product"}],"about":[{"href":"https:\/\/www.hapy-com.fr\/echoppe\/wp-json\/wp\/v2\/types\/product"}],"wp:featuredmedia":[{"embeddable":true,"href":"https:\/\/www.hapy-com.fr\/echoppe\/wp-json\/wp\/v2\/media\/23227"}],"wp:attachment":[{"href":"https:\/\/www.hapy-com.fr\/echoppe\/wp-json\/wp\/v2\/media?parent=23228"}],"wp:term":[{"taxonomy":"product_cat","embeddable":true,"href":"https:\/\/www.hapy-com.fr\/echoppe\/wp-json\/wp\/v2\/product_cat?post=23228"},{"taxonomy":"product_tag","embeddable":true,"href":"https:\/\/www.hapy-com.fr\/echoppe\/wp-json\/wp\/v2\/product_tag?post=23228"}],"curies":[{"name":"wp","href":"https:\/\/api.w.org\/{rel}","templated":true}]}}