{"id":23241,"date":"2022-06-24T13:59:32","date_gmt":"2022-06-24T11:59:32","guid":{"rendered":"http:\/\/www.hapy-com.fr\/echoppe\/product\/sac-a-dos-prikan-4\/"},"modified":"2022-06-24T13:59:32","modified_gmt":"2022-06-24T11:59:32","slug":"sac-a-dos-prikan-4","status":"publish","type":"product","link":"https:\/\/www.hapy-com.fr\/echoppe\/product\/sac-a-dos-prikan-4\/","title":{"rendered":"Sac \u00e0 Dos Prikan"},"content":{"rendered":"<p>Sac \u00e0 dos business en polyester 600D r\u00e9sistant. Compartiment int\u00e9rieur avec poche rembourr\u00e9e pour ordinateur portable jusqu\u00b4\u00e0 15 pouces, y compris une sortie USB pour charger des appareils mobiles (c\u00e2ble inclus, batterie auxiliaire non incluse). Coins renforc\u00e9s et accessoires de couleur noire. Dos rembourr\u00e9 et bretelles r\u00e9glables rembourr\u00e9es. Disponible en diff\u00e9rentes couleurs sobres.<\/p>\n","protected":false},"excerpt":{"rendered":"<p>Sac \u00e0 dos business en polyester 600D r\u00e9sistant. Compartiment int\u00e9rieur avec poche rembourr\u00e9e pour ordinateur portable jusqu\u00b4\u00e0 15 pouces, y compris une sortie USB pour charger des appareils mobiles (c\u00e2ble&#8230;<\/p>\n","protected":false},"featured_media":23240,"template":"","meta":[],"product_cat":[338],"product_tag":[],"class_list":{"0":"post-23241","1":"product","2":"type-product","3":"status-publish","4":"has-post-thumbnail","6":"product_cat-voyage-bagagerie","8":"first","9":"instock","10":"shipping-taxable","11":"purchasable","12":"product-type-simple"},"_links":{"self":[{"href":"https:\/\/www.hapy-com.fr\/echoppe\/wp-json\/wp\/v2\/product\/23241","targetHints":{"allow":["GET"]}}],"collection":[{"href":"https:\/\/www.hapy-com.fr\/echoppe\/wp-json\/wp\/v2\/product"}],"about":[{"href":"https:\/\/www.hapy-com.fr\/echoppe\/wp-json\/wp\/v2\/types\/product"}],"wp:featuredmedia":[{"embeddable":true,"href":"https:\/\/www.hapy-com.fr\/echoppe\/wp-json\/wp\/v2\/media\/23240"}],"wp:attachment":[{"href":"https:\/\/www.hapy-com.fr\/echoppe\/wp-json\/wp\/v2\/media?parent=23241"}],"wp:term":[{"taxonomy":"product_cat","embeddable":true,"href":"https:\/\/www.hapy-com.fr\/echoppe\/wp-json\/wp\/v2\/product_cat?post=23241"},{"taxonomy":"product_tag","embeddable":true,"href":"https:\/\/www.hapy-com.fr\/echoppe\/wp-json\/wp\/v2\/product_tag?post=23241"}],"curies":[{"name":"wp","href":"https:\/\/api.w.org\/{rel}","templated":true}]}}