{"id":23243,"date":"2022-06-24T13:59:35","date_gmt":"2022-06-24T11:59:35","guid":{"rendered":"http:\/\/www.hapy-com.fr\/echoppe\/product\/sac-lutux\/"},"modified":"2022-06-24T13:59:35","modified_gmt":"2022-06-24T11:59:35","slug":"sac-lutux","status":"publish","type":"product","link":"https:\/\/www.hapy-com.fr\/echoppe\/product\/sac-lutux\/","title":{"rendered":"Sac Lutux"},"content":{"rendered":"<p>Sac polyvalent en polyester denim 600D r\u00e9sistant et design d\u00e9contract\u00e9 bicolore, avec un corps gris et des d\u00e9tails noirs. Compartiment principal avec fermeture zipp\u00e9e et double tirette, poign\u00e9es en nylon r\u00e9sistant avec renforts et poche lat\u00e9rale en filet. Avec bandouli\u00e8re r\u00e9glable.<\/p>\n","protected":false},"excerpt":{"rendered":"<p>Sac polyvalent en polyester denim 600D r\u00e9sistant et design d\u00e9contract\u00e9 bicolore, avec un corps gris et des d\u00e9tails noirs. Compartiment principal avec fermeture zipp\u00e9e et double tirette, poign\u00e9es en nylon&#8230;<\/p>\n","protected":false},"featured_media":23242,"template":"","meta":[],"product_cat":[338],"product_tag":[],"class_list":{"0":"post-23243","1":"product","2":"type-product","3":"status-publish","4":"has-post-thumbnail","6":"product_cat-voyage-bagagerie","8":"first","9":"instock","10":"shipping-taxable","11":"purchasable","12":"product-type-simple"},"_links":{"self":[{"href":"https:\/\/www.hapy-com.fr\/echoppe\/wp-json\/wp\/v2\/product\/23243","targetHints":{"allow":["GET"]}}],"collection":[{"href":"https:\/\/www.hapy-com.fr\/echoppe\/wp-json\/wp\/v2\/product"}],"about":[{"href":"https:\/\/www.hapy-com.fr\/echoppe\/wp-json\/wp\/v2\/types\/product"}],"wp:featuredmedia":[{"embeddable":true,"href":"https:\/\/www.hapy-com.fr\/echoppe\/wp-json\/wp\/v2\/media\/23242"}],"wp:attachment":[{"href":"https:\/\/www.hapy-com.fr\/echoppe\/wp-json\/wp\/v2\/media?parent=23243"}],"wp:term":[{"taxonomy":"product_cat","embeddable":true,"href":"https:\/\/www.hapy-com.fr\/echoppe\/wp-json\/wp\/v2\/product_cat?post=23243"},{"taxonomy":"product_tag","embeddable":true,"href":"https:\/\/www.hapy-com.fr\/echoppe\/wp-json\/wp\/v2\/product_tag?post=23243"}],"curies":[{"name":"wp","href":"https:\/\/api.w.org\/{rel}","templated":true}]}}